{"id":2616,"date":"2021-09-03T01:47:16","date_gmt":"2021-09-03T06:47:16","guid":{"rendered":"https:\/\/procreamx.wpengine.com\/?page_id=2616"},"modified":"2025-04-09T12:28:11","modified_gmt":"2025-04-09T18:28:11","slug":"terminos-y-condiciones","status":"publish","type":"page","link":"https:\/\/procrea.mx\/en\/terminos-y-condiciones\/","title":{"rendered":"TERMS &amp; CONDITIONS"},"content":{"rendered":"<div data-elementor-type=\"wp-page\" data-elementor-id=\"2616\" class=\"elementor elementor-2616\" data-elementor-post-type=\"page\">\n\t\t\t\t\t\t<section class=\"elementor-section elementor-top-section elementor-element elementor-element-7b6a8ac5 elementor-section-boxed elementor-section-height-default elementor-section-height-default\" data-id=\"7b6a8ac5\" data-element_type=\"section\" data-e-type=\"section\">\n\t\t\t\t\t\t<div class=\"elementor-container elementor-column-gap-default\">\n\t\t\t\t\t<div class=\"elementor-column elementor-col-100 elementor-top-column elementor-element elementor-element-3761a112\" data-id=\"3761a112\" data-element_type=\"column\" data-e-type=\"column\">\n\t\t\t<div class=\"elementor-widget-wrap elementor-element-populated\">\n\t\t\t\t\t\t<div class=\"elementor-element elementor-element-5c859ff5 elementor-widget elementor-widget-heading\" data-id=\"5c859ff5\" data-element_type=\"widget\" data-e-type=\"widget\" data-widget_type=\"heading.default\">\n\t\t\t\t<div class=\"elementor-widget-container\">\n\t\t\t\t\t<h1 class=\"elementor-heading-title elementor-size-default\">TERMS &amp; CONDITIONS<\/h1>\t\t\t\t<\/div>\n\t\t\t\t<\/div>\n\t\t\t\t<section class=\"elementor-section elementor-inner-section elementor-element elementor-element-79b08da7 elementor-section-boxed elementor-section-height-default elementor-section-height-default\" data-id=\"79b08da7\" data-element_type=\"section\" data-e-type=\"section\">\n\t\t\t\t\t\t<div class=\"elementor-container elementor-column-gap-default\">\n\t\t\t\t\t<div class=\"elementor-column elementor-col-33 elementor-inner-column elementor-element elementor-element-2d2a0c3a\" data-id=\"2d2a0c3a\" data-element_type=\"column\" data-e-type=\"column\">\n\t\t\t<div class=\"elementor-widget-wrap\">\n\t\t\t\t\t\t\t<\/div>\n\t\t<\/div>\n\t\t\t\t<div class=\"elementor-column elementor-col-33 elementor-inner-column elementor-element elementor-element-4f0a20d3\" data-id=\"4f0a20d3\" data-element_type=\"column\" data-e-type=\"column\">\n\t\t\t<div class=\"elementor-widget-wrap elementor-element-populated\">\n\t\t\t\t\t\t<div class=\"elementor-element elementor-element-1826dd5 elementor-widget elementor-widget-spacer\" data-id=\"1826dd5\" data-element_type=\"widget\" data-e-type=\"widget\" data-widget_type=\"spacer.default\">\n\t\t\t\t<div class=\"elementor-widget-container\">\n\t\t\t\t\t\t\t<div class=\"elementor-spacer\">\n\t\t\t<div class=\"elementor-spacer-inner\"><\/div>\n\t\t<\/div>\n\t\t\t\t\t\t<\/div>\n\t\t\t\t<\/div>\n\t\t\t\t\t<\/div>\n\t\t<\/div>\n\t\t\t\t<div class=\"elementor-column elementor-col-33 elementor-inner-column elementor-element elementor-element-bcac7d5\" data-id=\"bcac7d5\" data-element_type=\"column\" data-e-type=\"column\">\n\t\t\t<div class=\"elementor-widget-wrap\">\n\t\t\t\t\t\t\t<\/div>\n\t\t<\/div>\n\t\t\t\t\t<\/div>\n\t\t<\/section>\n\t\t\t\t\t<\/div>\n\t\t<\/div>\n\t\t\t\t\t<\/div>\n\t\t<\/section>\n\t\t\t\t<section class=\"elementor-section elementor-top-section elementor-element elementor-element-3f948cee elementor-section-boxed elementor-section-height-default elementor-section-height-default\" data-id=\"3f948cee\" data-element_type=\"section\" data-e-type=\"section\">\n\t\t\t\t\t\t<div class=\"elementor-container elementor-column-gap-default\">\n\t\t\t\t\t<div class=\"elementor-column elementor-col-100 elementor-top-column elementor-element elementor-element-b3b93a\" data-id=\"b3b93a\" data-element_type=\"column\" data-e-type=\"column\">\n\t\t\t<div class=\"elementor-widget-wrap elementor-element-populated\">\n\t\t\t\t\t\t<div class=\"elementor-element elementor-element-58fd3450 elementor-widget elementor-widget-text-editor\" data-id=\"58fd3450\" data-element_type=\"widget\" data-e-type=\"widget\" data-widget_type=\"text-editor.default\">\n\t\t\t\t<div class=\"elementor-widget-container\">\n\t\t\t\t\t\t\t\t\t<p>By having access, either directly or through a link, to the MEDIREP, S.A. site. DE C.V. (PROCREA), URL:\u00a0<strong><span style=\"color: #995757;\"><a style=\"color: #995757;\" href=\"https:\/\/procrea.mx\/\">https:\/\/procrea.mx\/<\/a><\/span><\/strong>, usted se compromete a cumplir con los t\u00e9rminos y condiciones que se detallan a continuaci\u00f3n y que se aplicar\u00e1n a los usuarios que ingresen a la p\u00e1gina de PROCREA, los que ser\u00e1n denominados en adelante USUARIOS. Si como USUARIO no desea dar cumplimiento a los mismos, rogamos tenga a bien no acceder a este sitio.<\/p><p>The USER is legally responsible for the proper use of the service, expressly committing to avoid any type of action that may in any way affect and \/ or damage systems, equipment or services that are directly or indirectly accessible through the Internet.<\/p><p>The USER assumes full responsibility against PROCREA to third parties for the damages that materialize as a consequence of their own actions, their dependents or third parties connected through the USER and those that result from the non-observance of the current legal regulations or regulations of other illicit acts or misuse of the service, the user having to indemnify and hold PROCREA harmless against any claim and \/ or administrative or jurisdictional continence that may be filed.<\/p><p>Asimismo, PROCREA no ser\u00e1 responsable frente al\u00a0USUARIO\u00a0o a terceros por los da\u00f1os y perjuicios que se produjeran al\u00a0USUARIO\u00a0o a terceros como consecuencia del accionar de otros usuarios o terceros y los que resulten por parte de terceros o de los\u00a0USUARIOS, de las leyes o reglamentaciones o de otros hechos il\u00edcitos o del mal uso que se haga del servicio. PROCREA no ser\u00e1 responsable por ning\u00fan da\u00f1o, p\u00e9rdidas o erogaciones directos, indirectos, inherentes o consecuentes que surjan en relaci\u00f3n con este sitio o su imposibilidad de uso por alguna de las partes, o en relaci\u00f3n con cualquier falla en el rendimiento, error, omisi\u00f3n, interrupci\u00f3n, defecto, cortes de energ\u00eda, interrupciones de cualquier \u00edndole, demoras en la operaci\u00f3n o transmisi\u00f3n, virus inform\u00e1tico o falla de sistema o l\u00ednea, o cualquier otra falla que no sea atribuible a PROCREA.<\/p><p>The USER acknowledges that the links to other sites or files that can be accessed from the PROCREA SITES are at their own risk. PROCREA does not inquire, verify, monitor or endorse the content, the accuracy, the opinions expressed in other links provided by other sites than its own, which are governed by their own Terms and Conditions of Use.<\/p><p>Los servicios y\/o productos que pueden conocerse u ofrecerse a trav\u00e9s del\u00a0SITIO\u00a0de PROCREA de las p\u00e1ginas de las organizaciones a las que se pueda tener acceso a trav\u00e9s del mismo, reunir\u00e1n las condiciones que cada empresa y\/u organismo determine reserv\u00e1ndose \u00e9stas el derecho de cancelar, modificar, limitar, etc., la provisi\u00f3n de los mismos, no generando esto responsabilidad de tipo alguna para PROCREA. El uso de los beneficios y\/o servicios que se presentan u ofrecen es privativo de quienes se adhieran a los mismos y no para todos los usuarios del\u00a0SITIO.<\/p><p>PROCREA may expand, alter or improve the services offered, as well as modify these conditions, mode of access to the service, those related or not to technical items or the same commercial and market conditions that govern the services offered at any time, without need for communication and \/ or prior notification. The possibility of choosing certain products and services is subject to the determination, acceptance and compliance with the conditions that PROCREA establishes, and it may happen that all or part of the information, products and \/ or services offered on these pages are not available to all geographic areas of the country and \/ or abroad.<\/p><p>La informaci\u00f3n suministrada por terceros al ingresar a este\u00a0SITIO\u00a0es de exclusiva responsabilidad de los mismos, siendo PROCREA\u00a0ajeno a cualquier responsabilidad que sobre la misma pudiera corresponder. PROCREA no es responsable por la veracidad y exactitud de la informaci\u00f3n que esos sitios provean, ni de los cambios que sobre la misma pudieran realizar. El acceso a otras p\u00e1ginas a trav\u00e9s de este sitio no dar\u00e1 obligaci\u00f3n alguna para PROCREA respecto de la informaci\u00f3n que en esas otras p\u00e1ginas pudieran contener, siendo esta responsabilidad \u00fanica y excluyente de las empresas y\/u organismos que la provean. Asimismo, PROCREA no ser\u00e1 responsable por los errores u omisiones sobre la informaci\u00f3n brindada, por las fallas o defectos que pudieran presentar los productos, bienes y\/o servicios mediante el acceso desde su\u00a0SITIO a los dem\u00e1s sitios a los que a trav\u00e9s del mismo se pudiera obtener, ni de los gastos directos y\/o indirectos que \u00e9stos provoquen. Los productos, bienes y\/o servicios se proveer\u00e1n seg\u00fan las condiciones que cada empresa y\/u organismo determinen e indiquen, y bajo las condiciones que estas impongan.<\/p><p>Los datos que son recolectados o utilizados en el\u00a0SITIO\u00a0de PROCREA, est\u00e1n amparados por la <span style=\"color: #995757;\"><a style=\"color: #995757;\" href=\"https:\/\/procrea.mx\/aviso-de-privacidad\/\">Pol\u00edtica de Privacidad <\/a><\/span>de PROCREA, la cual puede ser consultada en el\u00a0SITIO.<\/p><p>PROCREA controls and periodically verifies the Terms and Conditions of its website, expressly reserving the following rights:<\/p><p>To modify or eliminate, unilaterally, partially or totally, your website and its conditions of use.<\/p><p>Negar e impedir el acceso a este sitio, sus servicios y contenidos, sin aviso previo<span style=\"font-size: 1rem;\">\u00a0a aquellos usuarios que no cumplan con las obligaciones de uso de su sitio web.<\/span><\/p><p>Unilaterally terminate, suspend or interrupt, at any time, the access and use of its website.<\/p>\t\t\t\t\t\t\t\t<\/div>\n\t\t\t\t<\/div>\n\t\t\t\t<div class=\"elementor-element elementor-element-f0093a2 elementor-widget elementor-widget-spacer\" data-id=\"f0093a2\" data-element_type=\"widget\" data-e-type=\"widget\" data-widget_type=\"spacer.default\">\n\t\t\t\t<div class=\"elementor-widget-container\">\n\t\t\t\t\t\t\t<div class=\"elementor-spacer\">\n\t\t\t<div class=\"elementor-spacer-inner\"><\/div>\n\t\t<\/div>\n\t\t\t\t\t\t<\/div>\n\t\t\t\t<\/div>\n\t\t\t\t\t<\/div>\n\t\t<\/div>\n\t\t\t\t\t<\/div>\n\t\t<\/section>\n\t\t\t\t<\/div>","protected":false},"excerpt":{"rendered":"<p>T\u00c9RMINOS Y CONDICIONES Al tener acceso, sea en forma directa\u00a0o por medio de alg\u00fan link, al sitio de MEDIREP, S.A. DE C.V. (PROCREA), URL:\u00a0https:\/\/procrea.mx\/, usted se compromete a cumplir con los t\u00e9rminos y condiciones que se detallan a continuaci\u00f3n y que se aplicar\u00e1n a los usuarios que ingresen a la p\u00e1gina de PROCREA, los que [&hellip;]<\/p>\n","protected":false},"author":2,"featured_media":0,"parent":0,"menu_order":0,"comment_status":"closed","ping_status":"closed","template":"","meta":{"footnotes":""},"class_list":["post-2616","page","type-page","status-publish","hentry"],"yoast_head":"<!-- This site is optimized with the Yoast SEO plugin v27.0 - https:\/\/yoast.com\/product\/yoast-seo-wordpress\/ -->\n<title>T\u00c9RMINOS Y CONDICIONES | Procrea<\/title>\n<meta name=\"robots\" content=\"index, follow, max-snippet:-1, max-image-preview:large, max-video-preview:-1\" \/>\n<link rel=\"canonical\" href=\"https:\/\/procrea.mx\/en\/terminos-y-condiciones\/\" \/>\n<meta property=\"og:locale\" content=\"en_GB\" \/>\n<meta property=\"og:type\" content=\"article\" \/>\n<meta property=\"og:title\" content=\"T\u00c9RMINOS Y CONDICIONES | Procrea\" \/>\n<meta property=\"og:description\" content=\"T\u00c9RMINOS Y CONDICIONES Al tener acceso, sea en forma directa\u00a0o por medio de alg\u00fan link, al sitio de MEDIREP, S.A. DE C.V. (PROCREA), URL:\u00a0https:\/\/procrea.mx\/, usted se compromete a cumplir con los t\u00e9rminos y condiciones que se detallan a continuaci\u00f3n y que se aplicar\u00e1n a los usuarios que ingresen a la p\u00e1gina de PROCREA, los que [&hellip;]\" \/>\n<meta property=\"og:url\" content=\"https:\/\/procrea.mx\/en\/terminos-y-condiciones\/\" \/>\n<meta property=\"og:site_name\" content=\"Procrea\" \/>\n<meta property=\"article:publisher\" content=\"https:\/\/www.facebook.com\/procreamx\" \/>\n<meta property=\"article:modified_time\" content=\"2025-04-09T18:28:11+00:00\" \/>\n<meta name=\"twitter:card\" content=\"summary_large_image\" \/>\n<meta name=\"twitter:label1\" content=\"Estimated reading time\" \/>\n\t<meta name=\"twitter:data1\" content=\"5 minutes\" \/>\n<script type=\"application\/ld+json\" class=\"yoast-schema-graph\">{\"@context\":\"https:\/\/schema.org\",\"@graph\":[{\"@type\":\"WebPage\",\"@id\":\"https:\/\/procrea.mx\/terminos-y-condiciones\/\",\"url\":\"https:\/\/procrea.mx\/terminos-y-condiciones\/\",\"name\":\"T\u00c9RMINOS Y CONDICIONES | Procrea\",\"isPartOf\":{\"@id\":\"https:\/\/procrea.mx\/#website\"},\"datePublished\":\"2021-09-03T06:47:16+00:00\",\"dateModified\":\"2025-04-09T18:28:11+00:00\",\"breadcrumb\":{\"@id\":\"https:\/\/procrea.mx\/terminos-y-condiciones\/#breadcrumb\"},\"inLanguage\":\"en-GB\",\"potentialAction\":[{\"@type\":\"ReadAction\",\"target\":[\"https:\/\/procrea.mx\/terminos-y-condiciones\/\"]}]},{\"@type\":\"BreadcrumbList\",\"@id\":\"https:\/\/procrea.mx\/terminos-y-condiciones\/#breadcrumb\",\"itemListElement\":[{\"@type\":\"ListItem\",\"position\":1,\"name\":\"Home\",\"item\":\"https:\/\/procrea.mx\/\"},{\"@type\":\"ListItem\",\"position\":2,\"name\":\"T\u00c9RMINOS Y CONDICIONES\"}]},{\"@type\":\"WebSite\",\"@id\":\"https:\/\/procrea.mx\/#website\",\"url\":\"https:\/\/procrea.mx\/\",\"name\":\"Procrea\",\"description\":\"Procrea\",\"publisher\":{\"@id\":\"https:\/\/procrea.mx\/#organization\"},\"potentialAction\":[{\"@type\":\"SearchAction\",\"target\":{\"@type\":\"EntryPoint\",\"urlTemplate\":\"https:\/\/procrea.mx\/?s={search_term_string}\"},\"query-input\":{\"@type\":\"PropertyValueSpecification\",\"valueRequired\":true,\"valueName\":\"search_term_string\"}}],\"inLanguage\":\"en-GB\"},{\"@type\":\"Organization\",\"@id\":\"https:\/\/procrea.mx\/#organization\",\"name\":\"Procrea\",\"url\":\"https:\/\/procrea.mx\/\",\"logo\":{\"@type\":\"ImageObject\",\"inLanguage\":\"en-GB\",\"@id\":\"https:\/\/procrea.mx\/#\/schema\/logo\/image\/\",\"url\":\"https:\/\/procrea.mx\/wp-content\/uploads\/2023\/06\/logo-Procrea_page-0001.jpg\",\"contentUrl\":\"https:\/\/procrea.mx\/wp-content\/uploads\/2023\/06\/logo-Procrea_page-0001.jpg\",\"width\":1275,\"height\":386,\"caption\":\"Procrea\"},\"image\":{\"@id\":\"https:\/\/procrea.mx\/#\/schema\/logo\/image\/\"},\"sameAs\":[\"https:\/\/www.facebook.com\/procreamx\",\"https:\/\/www.instagram.com\/procrea_mx\/\",\"https:\/\/www.youtube.com\/@procreacentrodereproduccio3887\"]}]}<\/script>\n<!-- \/ Yoast SEO plugin. -->","yoast_head_json":{"title":"T\u00c9RMINOS Y CONDICIONES | Procrea","robots":{"index":"index","follow":"follow","max-snippet":"max-snippet:-1","max-image-preview":"max-image-preview:large","max-video-preview":"max-video-preview:-1"},"canonical":"https:\/\/procrea.mx\/en\/terminos-y-condiciones\/","og_locale":"en_GB","og_type":"article","og_title":"T\u00c9RMINOS Y CONDICIONES | Procrea","og_description":"T\u00c9RMINOS Y CONDICIONES Al tener acceso, sea en forma directa\u00a0o por medio de alg\u00fan link, al sitio de MEDIREP, S.A. DE C.V. (PROCREA), URL:\u00a0https:\/\/procrea.mx\/, usted se compromete a cumplir con los t\u00e9rminos y condiciones que se detallan a continuaci\u00f3n y que se aplicar\u00e1n a los usuarios que ingresen a la p\u00e1gina de PROCREA, los que [&hellip;]","og_url":"https:\/\/procrea.mx\/en\/terminos-y-condiciones\/","og_site_name":"Procrea","article_publisher":"https:\/\/www.facebook.com\/procreamx","article_modified_time":"2025-04-09T18:28:11+00:00","twitter_card":"summary_large_image","twitter_misc":{"Estimated reading time":"5 minutes"},"schema":{"@context":"https:\/\/schema.org","@graph":[{"@type":"WebPage","@id":"https:\/\/procrea.mx\/terminos-y-condiciones\/","url":"https:\/\/procrea.mx\/terminos-y-condiciones\/","name":"T\u00c9RMINOS Y CONDICIONES | Procrea","isPartOf":{"@id":"https:\/\/procrea.mx\/#website"},"datePublished":"2021-09-03T06:47:16+00:00","dateModified":"2025-04-09T18:28:11+00:00","breadcrumb":{"@id":"https:\/\/procrea.mx\/terminos-y-condiciones\/#breadcrumb"},"inLanguage":"en-GB","potentialAction":[{"@type":"ReadAction","target":["https:\/\/procrea.mx\/terminos-y-condiciones\/"]}]},{"@type":"BreadcrumbList","@id":"https:\/\/procrea.mx\/terminos-y-condiciones\/#breadcrumb","itemListElement":[{"@type":"ListItem","position":1,"name":"Home","item":"https:\/\/procrea.mx\/"},{"@type":"ListItem","position":2,"name":"T\u00c9RMINOS Y CONDICIONES"}]},{"@type":"WebSite","@id":"https:\/\/procrea.mx\/#website","url":"https:\/\/procrea.mx\/","name":"Procrea","description":"Procrea","publisher":{"@id":"https:\/\/procrea.mx\/#organization"},"potentialAction":[{"@type":"SearchAction","target":{"@type":"EntryPoint","urlTemplate":"https:\/\/procrea.mx\/?s={search_term_string}"},"query-input":{"@type":"PropertyValueSpecification","valueRequired":true,"valueName":"search_term_string"}}],"inLanguage":"en-GB"},{"@type":"Organization","@id":"https:\/\/procrea.mx\/#organization","name":"Procrea","url":"https:\/\/procrea.mx\/","logo":{"@type":"ImageObject","inLanguage":"en-GB","@id":"https:\/\/procrea.mx\/#\/schema\/logo\/image\/","url":"https:\/\/procrea.mx\/wp-content\/uploads\/2023\/06\/logo-Procrea_page-0001.jpg","contentUrl":"https:\/\/procrea.mx\/wp-content\/uploads\/2023\/06\/logo-Procrea_page-0001.jpg","width":1275,"height":386,"caption":"Procrea"},"image":{"@id":"https:\/\/procrea.mx\/#\/schema\/logo\/image\/"},"sameAs":["https:\/\/www.facebook.com\/procreamx","https:\/\/www.instagram.com\/procrea_mx\/","https:\/\/www.youtube.com\/@procreacentrodereproduccio3887"]}]}},"_links":{"self":[{"href":"https:\/\/procrea.mx\/en\/wp-json\/wp\/v2\/pages\/2616","targetHints":{"allow":["GET"]}}],"collection":[{"href":"https:\/\/procrea.mx\/en\/wp-json\/wp\/v2\/pages"}],"about":[{"href":"https:\/\/procrea.mx\/en\/wp-json\/wp\/v2\/types\/page"}],"author":[{"embeddable":true,"href":"https:\/\/procrea.mx\/en\/wp-json\/wp\/v2\/users\/2"}],"replies":[{"embeddable":true,"href":"https:\/\/procrea.mx\/en\/wp-json\/wp\/v2\/comments?post=2616"}],"version-history":[{"count":0,"href":"https:\/\/procrea.mx\/en\/wp-json\/wp\/v2\/pages\/2616\/revisions"}],"wp:attachment":[{"href":"https:\/\/procrea.mx\/en\/wp-json\/wp\/v2\/media?parent=2616"}],"curies":[{"name":"wp","href":"https:\/\/api.w.org\/{rel}","templated":true}]}}