{"id":2609,"date":"2021-09-03T00:55:03","date_gmt":"2021-09-03T05:55:03","guid":{"rendered":"https:\/\/procreamx.wpengine.com\/?page_id=2609"},"modified":"2025-04-09T11:02:36","modified_gmt":"2025-04-09T17:02:36","slug":"biopsia-testicular","status":"publish","type":"page","link":"https:\/\/procrea.mx\/en\/servicios\/reproduccion-asistida\/tecnicas\/biopsia-testicular\/","title":{"rendered":"Testicular Biopsy"},"content":{"rendered":"\t\t<div data-elementor-type=\"wp-page\" data-elementor-id=\"2609\" class=\"elementor elementor-2609\" data-elementor-post-type=\"page\">\n\t\t\t\t\t\t<section class=\"elementor-section elementor-top-section elementor-element elementor-element-57cb688d elementor-section-boxed elementor-section-height-default elementor-section-height-default\" data-id=\"57cb688d\" data-element_type=\"section\" data-e-type=\"section\">\n\t\t\t\t\t\t<div class=\"elementor-container elementor-column-gap-default\">\n\t\t\t\t\t<div class=\"elementor-column elementor-col-100 elementor-top-column elementor-element elementor-element-421c9143\" data-id=\"421c9143\" data-element_type=\"column\" data-e-type=\"column\">\n\t\t\t<div class=\"elementor-widget-wrap elementor-element-populated\">\n\t\t\t\t\t\t<div class=\"elementor-element elementor-element-70280eed elementor-widget elementor-widget-heading\" data-id=\"70280eed\" data-element_type=\"widget\" data-e-type=\"widget\" data-widget_type=\"heading.default\">\n\t\t\t\t<div class=\"elementor-widget-container\">\n\t\t\t\t\t<h1 class=\"elementor-heading-title elementor-size-default\">Biopsia Testicular<\/h1>\t\t\t\t<\/div>\n\t\t\t\t<\/div>\n\t\t\t\t<section class=\"elementor-section elementor-inner-section elementor-element elementor-element-79c29813 elementor-section-boxed elementor-section-height-default elementor-section-height-default\" data-id=\"79c29813\" data-element_type=\"section\" data-e-type=\"section\">\n\t\t\t\t\t\t<div class=\"elementor-container elementor-column-gap-default\">\n\t\t\t\t\t<div class=\"elementor-column elementor-col-33 elementor-inner-column elementor-element elementor-element-4cd57952\" data-id=\"4cd57952\" data-element_type=\"column\" data-e-type=\"column\">\n\t\t\t<div class=\"elementor-widget-wrap\">\n\t\t\t\t\t\t\t<\/div>\n\t\t<\/div>\n\t\t\t\t<div class=\"elementor-column elementor-col-33 elementor-inner-column elementor-element elementor-element-483a5ddd\" data-id=\"483a5ddd\" data-element_type=\"column\" data-e-type=\"column\">\n\t\t\t<div class=\"elementor-widget-wrap elementor-element-populated\">\n\t\t\t\t\t\t<div class=\"elementor-element elementor-element-ad2415d elementor-widget elementor-widget-spacer\" data-id=\"ad2415d\" data-element_type=\"widget\" data-e-type=\"widget\" data-widget_type=\"spacer.default\">\n\t\t\t\t<div class=\"elementor-widget-container\">\n\t\t\t\t\t\t\t<div class=\"elementor-spacer\">\n\t\t\t<div class=\"elementor-spacer-inner\"><\/div>\n\t\t<\/div>\n\t\t\t\t\t\t<\/div>\n\t\t\t\t<\/div>\n\t\t\t\t\t<\/div>\n\t\t<\/div>\n\t\t\t\t<div class=\"elementor-column elementor-col-33 elementor-inner-column elementor-element elementor-element-2d8b4ac4\" data-id=\"2d8b4ac4\" data-element_type=\"column\" data-e-type=\"column\">\n\t\t\t<div class=\"elementor-widget-wrap\">\n\t\t\t\t\t\t\t<\/div>\n\t\t<\/div>\n\t\t\t\t\t<\/div>\n\t\t<\/section>\n\t\t\t\t<section class=\"elementor-section elementor-inner-section elementor-element elementor-element-20a304e0 elementor-section-boxed elementor-section-height-default elementor-section-height-default\" data-id=\"20a304e0\" data-element_type=\"section\" data-e-type=\"section\">\n\t\t\t\t\t\t<div class=\"elementor-container elementor-column-gap-default\">\n\t\t\t\t\t<div class=\"elementor-column elementor-col-50 elementor-inner-column elementor-element elementor-element-5b26495f\" data-id=\"5b26495f\" data-element_type=\"column\" data-e-type=\"column\">\n\t\t\t<div class=\"elementor-widget-wrap elementor-element-populated\">\n\t\t\t\t\t\t<div class=\"elementor-element elementor-element-dabf7d4 elementor-widget elementor-widget-image\" data-id=\"dabf7d4\" data-element_type=\"widget\" data-e-type=\"widget\" data-widget_type=\"image.default\">\n\t\t\t\t<div class=\"elementor-widget-container\">\n\t\t\t\t\t\t\t\t\t\t\t\t\t\t\t<img decoding=\"async\" src=\"https:\/\/procrea.mx\/wp-content\/uploads\/elementor\/thumbs\/male-patient-at-urologist-s-office-scaled-rirb6p96bsz92egbuoj8jrrfivswu9x432emljja0g.jpg\" title=\"Male patient at urologist&#8217;s office\" alt=\"Male patient at urologist&#039;s office\" loading=\"lazy\" \/>\t\t\t\t\t\t\t\t\t\t\t\t\t\t\t<\/div>\n\t\t\t\t<\/div>\n\t\t\t\t\t<\/div>\n\t\t<\/div>\n\t\t\t\t<div class=\"elementor-column elementor-col-50 elementor-inner-column elementor-element elementor-element-29a048ef\" data-id=\"29a048ef\" data-element_type=\"column\" data-e-type=\"column\">\n\t\t\t<div class=\"elementor-widget-wrap elementor-element-populated\">\n\t\t\t\t\t\t<div class=\"elementor-element elementor-element-598bba4e elementor-widget elementor-widget-heading\" data-id=\"598bba4e\" data-element_type=\"widget\" data-e-type=\"widget\" data-widget_type=\"heading.default\">\n\t\t\t\t<div class=\"elementor-widget-container\">\n\t\t\t\t\t<h2 class=\"elementor-heading-title elementor-size-default\">\u00bfQu\u00e9 es?<\/h2>\t\t\t\t<\/div>\n\t\t\t\t<\/div>\n\t\t\t\t<div class=\"elementor-element elementor-element-4c1aba4c elementor-widget elementor-widget-text-editor\" data-id=\"4c1aba4c\" data-element_type=\"widget\" data-e-type=\"widget\" data-widget_type=\"text-editor.default\">\n\t\t\t\t<div class=\"elementor-widget-container\">\n\t\t\t\t\t\t\t\t\t<p>Este procedimiento es utilizado para los casos de infertilidad con factor masculina, es sencillo, r\u00e1pido e indoloro gracias al uso de anestesia, consiste en cortar un peque\u00f1o pedazo de tejido testicular para ser analizado por especialistas, por un lado tiene como objetivo conocer la causa de la infertilidad, saber si se trata de alguna obstrucci\u00f3n o alg\u00fan otro problema; por otro lado es usado cuando se presenta nula presencia de espermas en el semen del var\u00f3n con el fin de buscar alg\u00fan ejemplar que presente las condiciones de movilidad y morfolog\u00eda \u00f3ptimas para que pueda ser utilizado en una <span style=\"color: #995757;\"><strong><a style=\"color: #995757;\" href=\"https:\/\/procrea.mx\/servicios\/reproduccion-asistida\/tratamientos\/fertilizacion-in-vitro\/\">fertilizaci\u00f3n in vitro<\/a><\/strong><\/span>, en estos casos se recurre a la t\u00e9cnica<span style=\"color: #995757;\">\u00a0<\/span><strong><a href=\"https:\/\/procrea.mx\/reprod-asistida\/inyeccion-intracitoplasmatica-icsi\/\"><span style=\"color: #995757;\">ICSI<\/span><\/a><\/strong>\u00a0o\u00a0<strong><a href=\"https:\/\/procrea.mx\/servicios\/reproduccion-asistida\/tecnicas\/inyeccion-intracitoplasmatica-fisiologica-picsi\/\"><span style=\"color: #995757;\">PICSI<\/span><\/a>\u00a0<\/strong>para lograr que el gameto femenino pueda ser fecundado ya que el n\u00famero de espermas obtenidos generalmente es muy reducido.<\/p>\t\t\t\t\t\t\t\t<\/div>\n\t\t\t\t<\/div>\n\t\t\t\t\t<\/div>\n\t\t<\/div>\n\t\t\t\t\t<\/div>\n\t\t<\/section>\n\t\t\t\t<div class=\"elementor-element elementor-element-f060822 elementor-widget elementor-widget-spacer\" data-id=\"f060822\" data-element_type=\"widget\" data-e-type=\"widget\" data-widget_type=\"spacer.default\">\n\t\t\t\t<div class=\"elementor-widget-container\">\n\t\t\t\t\t\t\t<div class=\"elementor-spacer\">\n\t\t\t<div class=\"elementor-spacer-inner\"><\/div>\n\t\t<\/div>\n\t\t\t\t\t\t<\/div>\n\t\t\t\t<\/div>\n\t\t\t\t<div class=\"elementor-element elementor-element-4e10feb elementor-align-center elementor-widget elementor-widget-button\" data-id=\"4e10feb\" data-element_type=\"widget\" data-e-type=\"widget\" data-widget_type=\"button.default\">\n\t\t\t\t<div class=\"elementor-widget-container\">\n\t\t\t\t\t\t\t\t\t<div class=\"elementor-button-wrapper\">\n\t\t\t\t\t<a class=\"elementor-button elementor-button-link elementor-size-sm\" href=\"https:\/\/procrea.mx\/servicios\/reproduccion-asistida\/tecnicas\/\">\n\t\t\t\t\t\t<span class=\"elementor-button-content-wrapper\">\n\t\t\t\t\t\t\t\t\t<span class=\"elementor-button-text\">T\u00e9cnicas<\/span>\n\t\t\t\t\t<\/span>\n\t\t\t\t\t<\/a>\n\t\t\t\t<\/div>\n\t\t\t\t\t\t\t\t<\/div>\n\t\t\t\t<\/div>\n\t\t\t\t<section class=\"elementor-section elementor-inner-section elementor-element elementor-element-3904422f elementor-section-boxed elementor-section-height-default elementor-section-height-default\" data-id=\"3904422f\" data-element_type=\"section\" data-e-type=\"section\">\n\t\t\t\t\t\t<div class=\"elementor-container elementor-column-gap-default\">\n\t\t\t\t\t<div class=\"elementor-column elementor-col-33 elementor-inner-column elementor-element elementor-element-4eeb10e8\" data-id=\"4eeb10e8\" data-element_type=\"column\" data-e-type=\"column\">\n\t\t\t<div class=\"elementor-widget-wrap\">\n\t\t\t\t\t\t\t<\/div>\n\t\t<\/div>\n\t\t\t\t<div class=\"elementor-column elementor-col-33 elementor-inner-column elementor-element elementor-element-38f777c6\" data-id=\"38f777c6\" data-element_type=\"column\" data-e-type=\"column\">\n\t\t\t<div class=\"elementor-widget-wrap elementor-element-populated\">\n\t\t\t\t\t\t<div class=\"elementor-element elementor-element-7a2b2897 elementor-widget elementor-widget-spacer\" data-id=\"7a2b2897\" data-element_type=\"widget\" data-e-type=\"widget\" data-widget_type=\"spacer.default\">\n\t\t\t\t<div class=\"elementor-widget-container\">\n\t\t\t\t\t\t\t<div class=\"elementor-spacer\">\n\t\t\t<div class=\"elementor-spacer-inner\"><\/div>\n\t\t<\/div>\n\t\t\t\t\t\t<\/div>\n\t\t\t\t<\/div>\n\t\t\t\t\t<\/div>\n\t\t<\/div>\n\t\t\t\t<div class=\"elementor-column elementor-col-33 elementor-inner-column elementor-element elementor-element-7e1ddac7\" data-id=\"7e1ddac7\" data-element_type=\"column\" data-e-type=\"column\">\n\t\t\t<div class=\"elementor-widget-wrap\">\n\t\t\t\t\t\t\t<\/div>\n\t\t<\/div>\n\t\t\t\t\t<\/div>\n\t\t<\/section>\n\t\t\t\t<div class=\"elementor-element elementor-element-4d75619d elementor-widget elementor-widget-spacer\" data-id=\"4d75619d\" data-element_type=\"widget\" data-e-type=\"widget\" data-widget_type=\"spacer.default\">\n\t\t\t\t<div class=\"elementor-widget-container\">\n\t\t\t\t\t\t\t<div class=\"elementor-spacer\">\n\t\t\t<div class=\"elementor-spacer-inner\"><\/div>\n\t\t<\/div>\n\t\t\t\t\t\t<\/div>\n\t\t\t\t<\/div>\n\t\t\t\t<div class=\"elementor-element elementor-element-437cb9c0 elementor-widget elementor-widget-heading\" data-id=\"437cb9c0\" data-element_type=\"widget\" data-e-type=\"widget\" data-widget_type=\"heading.default\">\n\t\t\t\t<div class=\"elementor-widget-container\">\n\t\t\t\t\t<h2 class=\"elementor-heading-title elementor-size-default\">Solicita informaci\u00f3n<\/h2>\t\t\t\t<\/div>\n\t\t\t\t<\/div>\n\t\t\t\t<section class=\"elementor-section elementor-inner-section elementor-element elementor-element-2474df36 elementor-section-boxed elementor-section-height-default elementor-section-height-default\" data-id=\"2474df36\" data-element_type=\"section\" data-e-type=\"section\">\n\t\t\t\t\t\t<div class=\"elementor-container elementor-column-gap-default\">\n\t\t\t\t\t<div class=\"elementor-column elementor-col-50 elementor-inner-column elementor-element elementor-element-71bcc11b\" data-id=\"71bcc11b\" data-element_type=\"column\" data-e-type=\"column\">\n\t\t\t<div class=\"elementor-widget-wrap elementor-element-populated\">\n\t\t\t\t\t\t<div class=\"elementor-element elementor-element-0585e84 elementor-widget elementor-widget-html\" data-id=\"0585e84\" data-element_type=\"widget\" data-e-type=\"widget\" data-widget_type=\"html.default\">\n\t\t\t\t<div class=\"elementor-widget-container\">\n\t\t\t\t\t<div id=\"zf_div_LjfMbAoENIrPOZXbLtFesa3ClKAgMZ6y5UZZIxczBBg\"><\/div><script type=\"text\/javascript\">(function() {\r\ntry{\r\nvar f = document.createElement(\"iframe\");\r\nf.src = 'https:\/\/forms.zohopublic.com\/atencionaclientes1\/form\/Contacto1\/formperma\/LjfMbAoENIrPOZXbLtFesa3ClKAgMZ6y5UZZIxczBBg?zf_rszfm=1';\r\nf.style.border=\"none\";\r\nf.style.height=\"527px\";\r\nf.style.width=\"90%\";\r\nf.style.transition=\"all 0.5s ease\";\r\n\r\nvar d = document.getElementById(\"zf_div_LjfMbAoENIrPOZXbLtFesa3ClKAgMZ6y5UZZIxczBBg\");\r\nd.appendChild(f);\r\nwindow.addEventListener('message', function (){\r\nvar evntData = event.data;\r\nif( evntData && evntData.constructor == String ){\r\nvar zf_ifrm_data = evntData.split(\"|\");\r\nif ( zf_ifrm_data.length == 2 ) {\r\nvar zf_perma = zf_ifrm_data[0];\r\nvar zf_ifrm_ht_nw = ( parseInt(zf_ifrm_data[1], 10) + 15 ) + \"px\";\r\nvar iframe = document.getElementById(\"zf_div_LjfMbAoENIrPOZXbLtFesa3ClKAgMZ6y5UZZIxczBBg\").getElementsByTagName(\"iframe\")[0];\r\nif ( (iframe.src).indexOf('formperma') > 0 && (iframe.src).indexOf(zf_perma) > 0 ) {\r\nvar prevIframeHeight = iframe.style.height;\r\nif ( prevIframeHeight != zf_ifrm_ht_nw ) {\r\niframe.style.height = zf_ifrm_ht_nw;\r\n}\r\n}\r\n}\r\n}\r\n}, false);\r\n}catch(e){}\r\n})();<\/script>\t\t\t\t<\/div>\n\t\t\t\t<\/div>\n\t\t\t\t\t<\/div>\n\t\t<\/div>\n\t\t\t\t<div class=\"elementor-column elementor-col-50 elementor-inner-column elementor-element elementor-element-226a03db\" data-id=\"226a03db\" data-element_type=\"column\" data-e-type=\"column\">\n\t\t\t<div class=\"elementor-widget-wrap elementor-element-populated\">\n\t\t\t\t\t\t<div class=\"elementor-element elementor-element-4c7c9830 elementor-widget elementor-widget-spacer\" data-id=\"4c7c9830\" data-element_type=\"widget\" data-e-type=\"widget\" data-widget_type=\"spacer.default\">\n\t\t\t\t<div class=\"elementor-widget-container\">\n\t\t\t\t\t\t\t<div class=\"elementor-spacer\">\n\t\t\t<div class=\"elementor-spacer-inner\"><\/div>\n\t\t<\/div>\n\t\t\t\t\t\t<\/div>\n\t\t\t\t<\/div>\n\t\t\t\t<div class=\"elementor-element elementor-element-1903cc58 elementor-widget elementor-widget-image\" data-id=\"1903cc58\" data-element_type=\"widget\" data-e-type=\"widget\" data-widget_type=\"image.default\">\n\t\t\t\t<div class=\"elementor-widget-container\">\n\t\t\t\t\t\t\t\t\t\t\t\t\t\t\t<img decoding=\"async\" src=\"https:\/\/procrea.mx\/wp-content\/uploads\/elementor\/thumbs\/fun-with-mother-in-the-bed-scaled-rirbidf16qyf83i0p85h0bqh249zez94ou0o488ar4.jpg\" title=\"Fun with mother in the bed\" alt=\"Fun with mother in the bed\" loading=\"lazy\" \/>\t\t\t\t\t\t\t\t\t\t\t\t\t\t\t<\/div>\n\t\t\t\t<\/div>\n\t\t\t\t\t<\/div>\n\t\t<\/div>\n\t\t\t\t\t<\/div>\n\t\t<\/section>\n\t\t\t\t<div class=\"elementor-element elementor-element-8470025 elementor-widget elementor-widget-spacer\" data-id=\"8470025\" data-element_type=\"widget\" data-e-type=\"widget\" data-widget_type=\"spacer.default\">\n\t\t\t\t<div class=\"elementor-widget-container\">\n\t\t\t\t\t\t\t<div class=\"elementor-spacer\">\n\t\t\t<div class=\"elementor-spacer-inner\"><\/div>\n\t\t<\/div>\n\t\t\t\t\t\t<\/div>\n\t\t\t\t<\/div>\n\t\t\t\t\t<\/div>\n\t\t<\/div>\n\t\t\t\t\t<\/div>\n\t\t<\/section>\n\t\t\t\t<\/div>\n\t\t","protected":false},"excerpt":{"rendered":"<p>Biopsia Testicular \u00bfQu\u00e9 es? Este procedimiento es utilizado para los casos de infertilidad con factor masculina, es sencillo, r\u00e1pido e indoloro gracias al uso de anestesia, consiste en cortar un peque\u00f1o pedazo de tejido testicular para ser analizado por especialistas, por un lado tiene como objetivo conocer la causa de la infertilidad, saber si se [&hellip;]<\/p>\n","protected":false},"author":2,"featured_media":0,"parent":2566,"menu_order":0,"comment_status":"closed","ping_status":"closed","template":"","meta":{"footnotes":""},"class_list":["post-2609","page","type-page","status-publish","hentry"],"yoast_head":"<!-- This site is optimized with the Yoast SEO plugin v27.0 - https:\/\/yoast.com\/product\/yoast-seo-wordpress\/ -->\n<title>Biopsia Testicular | Procrea<\/title>\n<meta name=\"robots\" content=\"index, follow, max-snippet:-1, max-image-preview:large, max-video-preview:-1\" \/>\n<link rel=\"canonical\" href=\"https:\/\/procrea.mx\/en\/servicios\/reproduccion-asistida\/tecnicas\/biopsia-testicular\/\" \/>\n<meta property=\"og:locale\" content=\"en_GB\" \/>\n<meta property=\"og:type\" content=\"article\" \/>\n<meta property=\"og:title\" content=\"Biopsia Testicular | Procrea\" \/>\n<meta property=\"og:description\" content=\"Biopsia Testicular \u00bfQu\u00e9 es? Este procedimiento es utilizado para los casos de infertilidad con factor masculina, es sencillo, r\u00e1pido e indoloro gracias al uso de anestesia, consiste en cortar un peque\u00f1o pedazo de tejido testicular para ser analizado por especialistas, por un lado tiene como objetivo conocer la causa de la infertilidad, saber si se [&hellip;]\" \/>\n<meta property=\"og:url\" content=\"https:\/\/procrea.mx\/en\/servicios\/reproduccion-asistida\/tecnicas\/biopsia-testicular\/\" \/>\n<meta property=\"og:site_name\" content=\"Procrea\" \/>\n<meta property=\"article:publisher\" content=\"https:\/\/www.facebook.com\/procreamx\" \/>\n<meta property=\"article:modified_time\" content=\"2025-04-09T17:02:36+00:00\" \/>\n<meta property=\"og:image\" content=\"https:\/\/procrea.mx\/wp-content\/uploads\/elementor\/thumbs\/male-patient-at-urologist-s-office-scaled-q59ktbs10qf6drw87j8nwikypguum08utlvr52qu0g.jpg\" \/>\n<meta name=\"twitter:card\" content=\"summary_large_image\" \/>\n<meta name=\"twitter:label1\" content=\"Estimated reading time\" \/>\n\t<meta name=\"twitter:data1\" content=\"2 minutes\" \/>\n<script type=\"application\/ld+json\" class=\"yoast-schema-graph\">{\"@context\":\"https:\/\/schema.org\",\"@graph\":[{\"@type\":\"WebPage\",\"@id\":\"https:\/\/procrea.mx\/servicios\/reproduccion-asistida\/tecnicas\/biopsia-testicular\/\",\"url\":\"https:\/\/procrea.mx\/servicios\/reproduccion-asistida\/tecnicas\/biopsia-testicular\/\",\"name\":\"Biopsia Testicular | Procrea\",\"isPartOf\":{\"@id\":\"https:\/\/procrea.mx\/#website\"},\"primaryImageOfPage\":{\"@id\":\"https:\/\/procrea.mx\/servicios\/reproduccion-asistida\/tecnicas\/biopsia-testicular\/#primaryimage\"},\"image\":{\"@id\":\"https:\/\/procrea.mx\/servicios\/reproduccion-asistida\/tecnicas\/biopsia-testicular\/#primaryimage\"},\"thumbnailUrl\":\"https:\/\/procrea.mx\/wp-content\/uploads\/elementor\/thumbs\/male-patient-at-urologist-s-office-scaled-q59ktbs10qf6drw87j8nwikypguum08utlvr52qu0g.jpg\",\"datePublished\":\"2021-09-03T05:55:03+00:00\",\"dateModified\":\"2025-04-09T17:02:36+00:00\",\"breadcrumb\":{\"@id\":\"https:\/\/procrea.mx\/servicios\/reproduccion-asistida\/tecnicas\/biopsia-testicular\/#breadcrumb\"},\"inLanguage\":\"en-GB\",\"potentialAction\":[{\"@type\":\"ReadAction\",\"target\":[\"https:\/\/procrea.mx\/servicios\/reproduccion-asistida\/tecnicas\/biopsia-testicular\/\"]}]},{\"@type\":\"ImageObject\",\"inLanguage\":\"en-GB\",\"@id\":\"https:\/\/procrea.mx\/servicios\/reproduccion-asistida\/tecnicas\/biopsia-testicular\/#primaryimage\",\"url\":\"https:\/\/procrea.mx\/wp-content\/uploads\/elementor\/thumbs\/male-patient-at-urologist-s-office-scaled-q59ktbs10qf6drw87j8nwikypguum08utlvr52qu0g.jpg\",\"contentUrl\":\"https:\/\/procrea.mx\/wp-content\/uploads\/elementor\/thumbs\/male-patient-at-urologist-s-office-scaled-q59ktbs10qf6drw87j8nwikypguum08utlvr52qu0g.jpg\"},{\"@type\":\"BreadcrumbList\",\"@id\":\"https:\/\/procrea.mx\/servicios\/reproduccion-asistida\/tecnicas\/biopsia-testicular\/#breadcrumb\",\"itemListElement\":[{\"@type\":\"ListItem\",\"position\":1,\"name\":\"Home\",\"item\":\"https:\/\/procrea.mx\/\"},{\"@type\":\"ListItem\",\"position\":2,\"name\":\"Servicios\",\"item\":\"https:\/\/procrea.mx\/servicios\/\"},{\"@type\":\"ListItem\",\"position\":3,\"name\":\"Reproducci\u00f3n Asistida\",\"item\":\"https:\/\/procrea.mx\/servicios\/reproduccion-asistida\/\"},{\"@type\":\"ListItem\",\"position\":4,\"name\":\"T\u00e9cnicas\",\"item\":\"https:\/\/procrea.mx\/servicios\/reproduccion-asistida\/tecnicas\/\"},{\"@type\":\"ListItem\",\"position\":5,\"name\":\"Biopsia Testicular\"}]},{\"@type\":\"WebSite\",\"@id\":\"https:\/\/procrea.mx\/#website\",\"url\":\"https:\/\/procrea.mx\/\",\"name\":\"Procrea\",\"description\":\"Procrea\",\"publisher\":{\"@id\":\"https:\/\/procrea.mx\/#organization\"},\"potentialAction\":[{\"@type\":\"SearchAction\",\"target\":{\"@type\":\"EntryPoint\",\"urlTemplate\":\"https:\/\/procrea.mx\/?s={search_term_string}\"},\"query-input\":{\"@type\":\"PropertyValueSpecification\",\"valueRequired\":true,\"valueName\":\"search_term_string\"}}],\"inLanguage\":\"en-GB\"},{\"@type\":\"Organization\",\"@id\":\"https:\/\/procrea.mx\/#organization\",\"name\":\"Procrea\",\"url\":\"https:\/\/procrea.mx\/\",\"logo\":{\"@type\":\"ImageObject\",\"inLanguage\":\"en-GB\",\"@id\":\"https:\/\/procrea.mx\/#\/schema\/logo\/image\/\",\"url\":\"https:\/\/procrea.mx\/wp-content\/uploads\/2023\/06\/logo-Procrea_page-0001.jpg\",\"contentUrl\":\"https:\/\/procrea.mx\/wp-content\/uploads\/2023\/06\/logo-Procrea_page-0001.jpg\",\"width\":1275,\"height\":386,\"caption\":\"Procrea\"},\"image\":{\"@id\":\"https:\/\/procrea.mx\/#\/schema\/logo\/image\/\"},\"sameAs\":[\"https:\/\/www.facebook.com\/procreamx\",\"https:\/\/www.instagram.com\/procrea_mx\/\",\"https:\/\/www.youtube.com\/@procreacentrodereproduccio3887\"]}]}<\/script>\n<!-- \/ Yoast SEO plugin. -->","yoast_head_json":{"title":"Biopsia Testicular | Procrea","robots":{"index":"index","follow":"follow","max-snippet":"max-snippet:-1","max-image-preview":"max-image-preview:large","max-video-preview":"max-video-preview:-1"},"canonical":"https:\/\/procrea.mx\/en\/servicios\/reproduccion-asistida\/tecnicas\/biopsia-testicular\/","og_locale":"en_GB","og_type":"article","og_title":"Biopsia Testicular | Procrea","og_description":"Biopsia Testicular \u00bfQu\u00e9 es? Este procedimiento es utilizado para los casos de infertilidad con factor masculina, es sencillo, r\u00e1pido e indoloro gracias al uso de anestesia, consiste en cortar un peque\u00f1o pedazo de tejido testicular para ser analizado por especialistas, por un lado tiene como objetivo conocer la causa de la infertilidad, saber si se [&hellip;]","og_url":"https:\/\/procrea.mx\/en\/servicios\/reproduccion-asistida\/tecnicas\/biopsia-testicular\/","og_site_name":"Procrea","article_publisher":"https:\/\/www.facebook.com\/procreamx","article_modified_time":"2025-04-09T17:02:36+00:00","og_image":[{"url":"https:\/\/procrea.mx\/wp-content\/uploads\/elementor\/thumbs\/male-patient-at-urologist-s-office-scaled-q59ktbs10qf6drw87j8nwikypguum08utlvr52qu0g.jpg","type":"","width":"","height":""}],"twitter_card":"summary_large_image","twitter_misc":{"Estimated reading time":"2 minutes"},"schema":{"@context":"https:\/\/schema.org","@graph":[{"@type":"WebPage","@id":"https:\/\/procrea.mx\/servicios\/reproduccion-asistida\/tecnicas\/biopsia-testicular\/","url":"https:\/\/procrea.mx\/servicios\/reproduccion-asistida\/tecnicas\/biopsia-testicular\/","name":"Biopsia Testicular | Procrea","isPartOf":{"@id":"https:\/\/procrea.mx\/#website"},"primaryImageOfPage":{"@id":"https:\/\/procrea.mx\/servicios\/reproduccion-asistida\/tecnicas\/biopsia-testicular\/#primaryimage"},"image":{"@id":"https:\/\/procrea.mx\/servicios\/reproduccion-asistida\/tecnicas\/biopsia-testicular\/#primaryimage"},"thumbnailUrl":"https:\/\/procrea.mx\/wp-content\/uploads\/elementor\/thumbs\/male-patient-at-urologist-s-office-scaled-q59ktbs10qf6drw87j8nwikypguum08utlvr52qu0g.jpg","datePublished":"2021-09-03T05:55:03+00:00","dateModified":"2025-04-09T17:02:36+00:00","breadcrumb":{"@id":"https:\/\/procrea.mx\/servicios\/reproduccion-asistida\/tecnicas\/biopsia-testicular\/#breadcrumb"},"inLanguage":"en-GB","potentialAction":[{"@type":"ReadAction","target":["https:\/\/procrea.mx\/servicios\/reproduccion-asistida\/tecnicas\/biopsia-testicular\/"]}]},{"@type":"ImageObject","inLanguage":"en-GB","@id":"https:\/\/procrea.mx\/servicios\/reproduccion-asistida\/tecnicas\/biopsia-testicular\/#primaryimage","url":"https:\/\/procrea.mx\/wp-content\/uploads\/elementor\/thumbs\/male-patient-at-urologist-s-office-scaled-q59ktbs10qf6drw87j8nwikypguum08utlvr52qu0g.jpg","contentUrl":"https:\/\/procrea.mx\/wp-content\/uploads\/elementor\/thumbs\/male-patient-at-urologist-s-office-scaled-q59ktbs10qf6drw87j8nwikypguum08utlvr52qu0g.jpg"},{"@type":"BreadcrumbList","@id":"https:\/\/procrea.mx\/servicios\/reproduccion-asistida\/tecnicas\/biopsia-testicular\/#breadcrumb","itemListElement":[{"@type":"ListItem","position":1,"name":"Home","item":"https:\/\/procrea.mx\/"},{"@type":"ListItem","position":2,"name":"Servicios","item":"https:\/\/procrea.mx\/servicios\/"},{"@type":"ListItem","position":3,"name":"Reproducci\u00f3n Asistida","item":"https:\/\/procrea.mx\/servicios\/reproduccion-asistida\/"},{"@type":"ListItem","position":4,"name":"T\u00e9cnicas","item":"https:\/\/procrea.mx\/servicios\/reproduccion-asistida\/tecnicas\/"},{"@type":"ListItem","position":5,"name":"Biopsia Testicular"}]},{"@type":"WebSite","@id":"https:\/\/procrea.mx\/#website","url":"https:\/\/procrea.mx\/","name":"Procrea","description":"Procrea","publisher":{"@id":"https:\/\/procrea.mx\/#organization"},"potentialAction":[{"@type":"SearchAction","target":{"@type":"EntryPoint","urlTemplate":"https:\/\/procrea.mx\/?s={search_term_string}"},"query-input":{"@type":"PropertyValueSpecification","valueRequired":true,"valueName":"search_term_string"}}],"inLanguage":"en-GB"},{"@type":"Organization","@id":"https:\/\/procrea.mx\/#organization","name":"Procrea","url":"https:\/\/procrea.mx\/","logo":{"@type":"ImageObject","inLanguage":"en-GB","@id":"https:\/\/procrea.mx\/#\/schema\/logo\/image\/","url":"https:\/\/procrea.mx\/wp-content\/uploads\/2023\/06\/logo-Procrea_page-0001.jpg","contentUrl":"https:\/\/procrea.mx\/wp-content\/uploads\/2023\/06\/logo-Procrea_page-0001.jpg","width":1275,"height":386,"caption":"Procrea"},"image":{"@id":"https:\/\/procrea.mx\/#\/schema\/logo\/image\/"},"sameAs":["https:\/\/www.facebook.com\/procreamx","https:\/\/www.instagram.com\/procrea_mx\/","https:\/\/www.youtube.com\/@procreacentrodereproduccio3887"]}]}},"_links":{"self":[{"href":"https:\/\/procrea.mx\/en\/wp-json\/wp\/v2\/pages\/2609","targetHints":{"allow":["GET"]}}],"collection":[{"href":"https:\/\/procrea.mx\/en\/wp-json\/wp\/v2\/pages"}],"about":[{"href":"https:\/\/procrea.mx\/en\/wp-json\/wp\/v2\/types\/page"}],"author":[{"embeddable":true,"href":"https:\/\/procrea.mx\/en\/wp-json\/wp\/v2\/users\/2"}],"replies":[{"embeddable":true,"href":"https:\/\/procrea.mx\/en\/wp-json\/wp\/v2\/comments?post=2609"}],"version-history":[{"count":0,"href":"https:\/\/procrea.mx\/en\/wp-json\/wp\/v2\/pages\/2609\/revisions"}],"up":[{"embeddable":true,"href":"https:\/\/procrea.mx\/en\/wp-json\/wp\/v2\/pages\/2566"}],"wp:attachment":[{"href":"https:\/\/procrea.mx\/en\/wp-json\/wp\/v2\/media?parent=2609"}],"curies":[{"name":"wp","href":"https:\/\/api.w.org\/{rel}","templated":true}]}}