{"id":2603,"date":"2021-09-03T00:45:37","date_gmt":"2021-09-03T05:45:37","guid":{"rendered":"https:\/\/procreamx.wpengine.com\/?page_id=2603"},"modified":"2025-04-09T11:47:25","modified_gmt":"2025-04-09T17:47:25","slug":"pgt-a","status":"publish","type":"page","link":"https:\/\/procrea.mx\/en\/servicios\/reproduccion-asistida\/tecnicas\/pgt-a\/","title":{"rendered":"Preimplantation Genetic Testing for Aneuploidy (PGT-A"},"content":{"rendered":"\t\t<div data-elementor-type=\"wp-page\" data-elementor-id=\"2603\" class=\"elementor elementor-2603\" data-elementor-post-type=\"page\">\n\t\t\t\t\t\t<section class=\"elementor-section elementor-top-section elementor-element elementor-element-30e4c9d1 elementor-section-boxed elementor-section-height-default elementor-section-height-default\" data-id=\"30e4c9d1\" data-element_type=\"section\" data-e-type=\"section\">\n\t\t\t\t\t\t<div class=\"elementor-container elementor-column-gap-default\">\n\t\t\t\t\t<div class=\"elementor-column elementor-col-100 elementor-top-column elementor-element elementor-element-75d9403\" data-id=\"75d9403\" data-element_type=\"column\" data-e-type=\"column\">\n\t\t\t<div class=\"elementor-widget-wrap elementor-element-populated\">\n\t\t\t\t\t\t<div class=\"elementor-element elementor-element-1698294e elementor-widget elementor-widget-heading\" data-id=\"1698294e\" data-element_type=\"widget\" data-e-type=\"widget\" data-widget_type=\"heading.default\">\n\t\t\t\t<div class=\"elementor-widget-container\">\n\t\t\t\t\t<h1 class=\"elementor-heading-title elementor-size-default\">PGT-A<\/h1>\t\t\t\t<\/div>\n\t\t\t\t<\/div>\n\t\t\t\t<section class=\"elementor-section elementor-inner-section elementor-element elementor-element-781a7cfe elementor-section-boxed elementor-section-height-default elementor-section-height-default\" data-id=\"781a7cfe\" data-element_type=\"section\" data-e-type=\"section\">\n\t\t\t\t\t\t<div class=\"elementor-container elementor-column-gap-default\">\n\t\t\t\t\t<div class=\"elementor-column elementor-col-33 elementor-inner-column elementor-element elementor-element-7262cb51\" data-id=\"7262cb51\" data-element_type=\"column\" data-e-type=\"column\">\n\t\t\t<div class=\"elementor-widget-wrap\">\n\t\t\t\t\t\t\t<\/div>\n\t\t<\/div>\n\t\t\t\t<div class=\"elementor-column elementor-col-33 elementor-inner-column elementor-element elementor-element-319c6c61\" data-id=\"319c6c61\" data-element_type=\"column\" data-e-type=\"column\">\n\t\t\t<div class=\"elementor-widget-wrap elementor-element-populated\">\n\t\t\t\t\t\t<div class=\"elementor-element elementor-element-708e39fe elementor-widget elementor-widget-spacer\" data-id=\"708e39fe\" data-element_type=\"widget\" data-e-type=\"widget\" data-widget_type=\"spacer.default\">\n\t\t\t\t<div class=\"elementor-widget-container\">\n\t\t\t\t\t\t\t<div class=\"elementor-spacer\">\n\t\t\t<div class=\"elementor-spacer-inner\"><\/div>\n\t\t<\/div>\n\t\t\t\t\t\t<\/div>\n\t\t\t\t<\/div>\n\t\t\t\t\t<\/div>\n\t\t<\/div>\n\t\t\t\t<div class=\"elementor-column elementor-col-33 elementor-inner-column elementor-element elementor-element-15a06068\" data-id=\"15a06068\" data-element_type=\"column\" data-e-type=\"column\">\n\t\t\t<div class=\"elementor-widget-wrap\">\n\t\t\t\t\t\t\t<\/div>\n\t\t<\/div>\n\t\t\t\t\t<\/div>\n\t\t<\/section>\n\t\t\t\t<section class=\"elementor-section elementor-inner-section elementor-element elementor-element-4659e008 elementor-section-boxed elementor-section-height-default elementor-section-height-default\" data-id=\"4659e008\" data-element_type=\"section\" data-e-type=\"section\">\n\t\t\t\t\t\t<div class=\"elementor-container elementor-column-gap-default\">\n\t\t\t\t\t<div class=\"elementor-column elementor-col-50 elementor-inner-column elementor-element elementor-element-ca3b84d\" data-id=\"ca3b84d\" data-element_type=\"column\" data-e-type=\"column\">\n\t\t\t<div class=\"elementor-widget-wrap elementor-element-populated\">\n\t\t\t\t\t\t<div class=\"elementor-element elementor-element-007bd0f elementor-widget elementor-widget-spacer\" data-id=\"007bd0f\" data-element_type=\"widget\" data-e-type=\"widget\" data-widget_type=\"spacer.default\">\n\t\t\t\t<div class=\"elementor-widget-container\">\n\t\t\t\t\t\t\t<div class=\"elementor-spacer\">\n\t\t\t<div class=\"elementor-spacer-inner\"><\/div>\n\t\t<\/div>\n\t\t\t\t\t\t<\/div>\n\t\t\t\t<\/div>\n\t\t\t\t<div class=\"elementor-element elementor-element-55b4f506 elementor-widget elementor-widget-image\" data-id=\"55b4f506\" data-element_type=\"widget\" data-e-type=\"widget\" data-widget_type=\"image.default\">\n\t\t\t\t<div class=\"elementor-widget-container\">\n\t\t\t\t\t\t\t\t\t\t\t\t\t\t\t<img decoding=\"async\" src=\"https:\/\/procrea.mx\/wp-content\/uploads\/elementor\/thumbs\/bigstock-d-rendered-medically-accurate-322803253-rirc10jsqgh5hof5ua93gmdl78e22v9h93tcrsl7cg.jpg\" title=\"PGT-A\" alt=\"PGT-A\" loading=\"lazy\" \/>\t\t\t\t\t\t\t\t\t\t\t\t\t\t\t<\/div>\n\t\t\t\t<\/div>\n\t\t\t\t\t<\/div>\n\t\t<\/div>\n\t\t\t\t<div class=\"elementor-column elementor-col-50 elementor-inner-column elementor-element elementor-element-5dd0ee4f\" data-id=\"5dd0ee4f\" data-element_type=\"column\" data-e-type=\"column\">\n\t\t\t<div class=\"elementor-widget-wrap elementor-element-populated\">\n\t\t\t\t\t\t<div class=\"elementor-element elementor-element-3111d1fa elementor-widget elementor-widget-heading\" data-id=\"3111d1fa\" data-element_type=\"widget\" data-e-type=\"widget\" data-widget_type=\"heading.default\">\n\t\t\t\t<div class=\"elementor-widget-container\">\n\t\t\t\t\t<h2 class=\"elementor-heading-title elementor-size-default\">\u00bfQu\u00e9 es?<\/h2>\t\t\t\t<\/div>\n\t\t\t\t<\/div>\n\t\t\t\t<div class=\"elementor-element elementor-element-2b99ba12 elementor-widget elementor-widget-text-editor\" data-id=\"2b99ba12\" data-element_type=\"widget\" data-e-type=\"widget\" data-widget_type=\"text-editor.default\">\n\t\t\t\t<div class=\"elementor-widget-container\">\n\t\t\t\t\t\t\t\t\t<p><span style=\"font-weight: 400;\">El <span style=\"color: #995757;\"><strong>PGT-A (Test Gen\u00e9tico Preimplantacional para Aneuploid\u00edas)<\/strong><\/span> es un estudio que se realiza al embri\u00f3n antes de transferirlo al \u00fatero para identificar y prevenir aneuploid\u00edas, es decir, ausencia o presencia de uno o m\u00e1s cromosomas en las c\u00e9lulas de tu beb\u00e9. Cada c\u00e9lula de nuestro cuerpo tiene 46 cromosomas, cuando existe alguna alteraci\u00f3n se presentan problemas de salud y desarrollo.<\/span><\/p><p><span style=\"font-weight: 400;\">Se recomienda especialmente a parejas con antecedentes de <strong><span style=\"color: #995757;\"><a style=\"color: #995757;\" href=\"https:\/\/www.tiktok.com\/@procrea.mx\/video\/7333687340860296453?lang=es\">abortos espont\u00e1neos recurrentes<\/a>,<\/span><\/strong> fallas repetidas de implantaci\u00f3n o <strong><span style=\"color: #995757;\"><a style=\"color: #995757;\" href=\"https:\/\/www.tiktok.com\/@procrea.mx\/video\/7325564617080556806?lang=es\">mujeres de edad avanzada<\/a><\/span><\/strong> debido a que el test selecciona los embriones m\u00e1s aptos para la transferencia aumentando las probabilidades de \u00e9xito en una <strong><a href=\"https:\/\/www.tiktok.com\/@procrea.mx\/video\/7265869943986474246?lang=es\"><span style=\"color: #995757;\">Fertilizaci\u00f3n In Vitro<\/span><\/a><\/strong>.<\/span><\/p>\t\t\t\t\t\t\t\t<\/div>\n\t\t\t\t<\/div>\n\t\t\t\t\t<\/div>\n\t\t<\/div>\n\t\t\t\t\t<\/div>\n\t\t<\/section>\n\t\t\t\t<div class=\"elementor-element elementor-element-5c1164a2 elementor-widget elementor-widget-spacer\" data-id=\"5c1164a2\" data-element_type=\"widget\" data-e-type=\"widget\" data-widget_type=\"spacer.default\">\n\t\t\t\t<div class=\"elementor-widget-container\">\n\t\t\t\t\t\t\t<div class=\"elementor-spacer\">\n\t\t\t<div class=\"elementor-spacer-inner\"><\/div>\n\t\t<\/div>\n\t\t\t\t\t\t<\/div>\n\t\t\t\t<\/div>\n\t\t\t\t<div class=\"elementor-element elementor-element-4aa6a35 elementor-align-center elementor-widget elementor-widget-button\" data-id=\"4aa6a35\" data-element_type=\"widget\" data-e-type=\"widget\" data-widget_type=\"button.default\">\n\t\t\t\t<div class=\"elementor-widget-container\">\n\t\t\t\t\t\t\t\t\t<div class=\"elementor-button-wrapper\">\n\t\t\t\t\t<a class=\"elementor-button elementor-button-link elementor-size-sm\" href=\"https:\/\/procrea.mx\/servicios\/reproduccion-asistida\/tecnicas\/\">\n\t\t\t\t\t\t<span class=\"elementor-button-content-wrapper\">\n\t\t\t\t\t\t\t\t\t<span class=\"elementor-button-text\">T\u00e9cnicas<\/span>\n\t\t\t\t\t<\/span>\n\t\t\t\t\t<\/a>\n\t\t\t\t<\/div>\n\t\t\t\t\t\t\t\t<\/div>\n\t\t\t\t<\/div>\n\t\t\t\t<section class=\"elementor-section elementor-inner-section elementor-element elementor-element-638fca5c elementor-section-boxed elementor-section-height-default elementor-section-height-default\" data-id=\"638fca5c\" data-element_type=\"section\" data-e-type=\"section\">\n\t\t\t\t\t\t<div class=\"elementor-container elementor-column-gap-default\">\n\t\t\t\t\t<div class=\"elementor-column elementor-col-33 elementor-inner-column elementor-element elementor-element-b5d1345\" data-id=\"b5d1345\" data-element_type=\"column\" data-e-type=\"column\">\n\t\t\t<div class=\"elementor-widget-wrap\">\n\t\t\t\t\t\t\t<\/div>\n\t\t<\/div>\n\t\t\t\t<div class=\"elementor-column elementor-col-33 elementor-inner-column elementor-element elementor-element-3ba65e32\" data-id=\"3ba65e32\" data-element_type=\"column\" data-e-type=\"column\">\n\t\t\t<div class=\"elementor-widget-wrap elementor-element-populated\">\n\t\t\t\t\t\t<div class=\"elementor-element elementor-element-5b81e96e elementor-widget elementor-widget-spacer\" data-id=\"5b81e96e\" data-element_type=\"widget\" data-e-type=\"widget\" data-widget_type=\"spacer.default\">\n\t\t\t\t<div class=\"elementor-widget-container\">\n\t\t\t\t\t\t\t<div class=\"elementor-spacer\">\n\t\t\t<div class=\"elementor-spacer-inner\"><\/div>\n\t\t<\/div>\n\t\t\t\t\t\t<\/div>\n\t\t\t\t<\/div>\n\t\t\t\t\t<\/div>\n\t\t<\/div>\n\t\t\t\t<div class=\"elementor-column elementor-col-33 elementor-inner-column elementor-element elementor-element-2ae39f55\" data-id=\"2ae39f55\" data-element_type=\"column\" data-e-type=\"column\">\n\t\t\t<div class=\"elementor-widget-wrap\">\n\t\t\t\t\t\t\t<\/div>\n\t\t<\/div>\n\t\t\t\t\t<\/div>\n\t\t<\/section>\n\t\t\t\t<div class=\"elementor-element elementor-element-7acfcb7 elementor-widget elementor-widget-spacer\" data-id=\"7acfcb7\" data-element_type=\"widget\" data-e-type=\"widget\" data-widget_type=\"spacer.default\">\n\t\t\t\t<div class=\"elementor-widget-container\">\n\t\t\t\t\t\t\t<div class=\"elementor-spacer\">\n\t\t\t<div class=\"elementor-spacer-inner\"><\/div>\n\t\t<\/div>\n\t\t\t\t\t\t<\/div>\n\t\t\t\t<\/div>\n\t\t\t\t<div class=\"elementor-element elementor-element-49b61789 elementor-widget elementor-widget-heading\" data-id=\"49b61789\" data-element_type=\"widget\" data-e-type=\"widget\" data-widget_type=\"heading.default\">\n\t\t\t\t<div class=\"elementor-widget-container\">\n\t\t\t\t\t<h2 class=\"elementor-heading-title elementor-size-default\">Solicita informaci\u00f3n<\/h2>\t\t\t\t<\/div>\n\t\t\t\t<\/div>\n\t\t\t\t<section class=\"elementor-section elementor-inner-section elementor-element elementor-element-1f88b224 elementor-section-boxed elementor-section-height-default elementor-section-height-default\" data-id=\"1f88b224\" data-element_type=\"section\" data-e-type=\"section\">\n\t\t\t\t\t\t<div class=\"elementor-container elementor-column-gap-default\">\n\t\t\t\t\t<div class=\"elementor-column elementor-col-50 elementor-inner-column elementor-element elementor-element-37dd00ce\" data-id=\"37dd00ce\" data-element_type=\"column\" data-e-type=\"column\">\n\t\t\t<div class=\"elementor-widget-wrap elementor-element-populated\">\n\t\t\t\t\t\t<div class=\"elementor-element elementor-element-4180437 elementor-widget elementor-widget-html\" data-id=\"4180437\" data-element_type=\"widget\" data-e-type=\"widget\" data-widget_type=\"html.default\">\n\t\t\t\t<div class=\"elementor-widget-container\">\n\t\t\t\t\t<div id=\"zf_div_LjfMbAoENIrPOZXbLtFesa3ClKAgMZ6y5UZZIxczBBg\"><\/div><script type=\"text\/javascript\">(function() {\r\ntry{\r\nvar f = document.createElement(\"iframe\");\r\nf.src = 'https:\/\/forms.zohopublic.com\/atencionaclientes1\/form\/Contacto1\/formperma\/LjfMbAoENIrPOZXbLtFesa3ClKAgMZ6y5UZZIxczBBg?zf_rszfm=1';\r\nf.style.border=\"none\";\r\nf.style.height=\"527px\";\r\nf.style.width=\"90%\";\r\nf.style.transition=\"all 0.5s ease\";\r\n\r\nvar d = document.getElementById(\"zf_div_LjfMbAoENIrPOZXbLtFesa3ClKAgMZ6y5UZZIxczBBg\");\r\nd.appendChild(f);\r\nwindow.addEventListener('message', function (){\r\nvar evntData = event.data;\r\nif( evntData && evntData.constructor == String ){\r\nvar zf_ifrm_data = evntData.split(\"|\");\r\nif ( zf_ifrm_data.length == 2 ) {\r\nvar zf_perma = zf_ifrm_data[0];\r\nvar zf_ifrm_ht_nw = ( parseInt(zf_ifrm_data[1], 10) + 15 ) + \"px\";\r\nvar iframe = document.getElementById(\"zf_div_LjfMbAoENIrPOZXbLtFesa3ClKAgMZ6y5UZZIxczBBg\").getElementsByTagName(\"iframe\")[0];\r\nif ( (iframe.src).indexOf('formperma') > 0 && (iframe.src).indexOf(zf_perma) > 0 ) {\r\nvar prevIframeHeight = iframe.style.height;\r\nif ( prevIframeHeight != zf_ifrm_ht_nw ) {\r\niframe.style.height = zf_ifrm_ht_nw;\r\n}\r\n}\r\n}\r\n}\r\n}, false);\r\n}catch(e){}\r\n})();<\/script>\r\n\t\t\t\t<\/div>\n\t\t\t\t<\/div>\n\t\t\t\t\t<\/div>\n\t\t<\/div>\n\t\t\t\t<div class=\"elementor-column elementor-col-50 elementor-inner-column elementor-element elementor-element-2083c1c8\" data-id=\"2083c1c8\" data-element_type=\"column\" data-e-type=\"column\">\n\t\t\t<div class=\"elementor-widget-wrap elementor-element-populated\">\n\t\t\t\t\t\t<div class=\"elementor-element elementor-element-23101f9b elementor-widget elementor-widget-spacer\" data-id=\"23101f9b\" data-element_type=\"widget\" data-e-type=\"widget\" data-widget_type=\"spacer.default\">\n\t\t\t\t<div class=\"elementor-widget-container\">\n\t\t\t\t\t\t\t<div class=\"elementor-spacer\">\n\t\t\t<div class=\"elementor-spacer-inner\"><\/div>\n\t\t<\/div>\n\t\t\t\t\t\t<\/div>\n\t\t\t\t<\/div>\n\t\t\t\t<div class=\"elementor-element elementor-element-246c03d3 elementor-widget elementor-widget-image\" data-id=\"246c03d3\" data-element_type=\"widget\" data-e-type=\"widget\" data-widget_type=\"image.default\">\n\t\t\t\t<div class=\"elementor-widget-container\">\n\t\t\t\t\t\t\t\t\t\t\t\t\t\t\t<img decoding=\"async\" src=\"https:\/\/procrea.mx\/wp-content\/uploads\/elementor\/thumbs\/fun-with-mother-in-the-bed-scaled-rirbidf16qyf83i0p85h0bqh249zez94ou0o488ar4.jpg\" title=\"Fun with mother in the bed\" alt=\"Fun with mother in the bed\" loading=\"lazy\" \/>\t\t\t\t\t\t\t\t\t\t\t\t\t\t\t<\/div>\n\t\t\t\t<\/div>\n\t\t\t\t\t<\/div>\n\t\t<\/div>\n\t\t\t\t\t<\/div>\n\t\t<\/section>\n\t\t\t\t<div class=\"elementor-element elementor-element-4f7e53ec elementor-widget elementor-widget-spacer\" data-id=\"4f7e53ec\" data-element_type=\"widget\" data-e-type=\"widget\" data-widget_type=\"spacer.default\">\n\t\t\t\t<div class=\"elementor-widget-container\">\n\t\t\t\t\t\t\t<div class=\"elementor-spacer\">\n\t\t\t<div class=\"elementor-spacer-inner\"><\/div>\n\t\t<\/div>\n\t\t\t\t\t\t<\/div>\n\t\t\t\t<\/div>\n\t\t\t\t\t<\/div>\n\t\t<\/div>\n\t\t\t\t\t<\/div>\n\t\t<\/section>\n\t\t\t\t<\/div>\n\t\t","protected":false},"excerpt":{"rendered":"<p>PGT-A \u00bfQu\u00e9 es? El PGT-A (Test Gen\u00e9tico Preimplantacional para Aneuploid\u00edas) es un estudio que se realiza al embri\u00f3n antes de transferirlo al \u00fatero para identificar y prevenir aneuploid\u00edas, es decir, ausencia o presencia de uno o m\u00e1s cromosomas en las c\u00e9lulas de tu beb\u00e9. Cada c\u00e9lula de nuestro cuerpo tiene 46 cromosomas, cuando existe alguna [&hellip;]<\/p>\n","protected":false},"author":2,"featured_media":0,"parent":2566,"menu_order":0,"comment_status":"closed","ping_status":"closed","template":"","meta":{"footnotes":""},"class_list":["post-2603","page","type-page","status-publish","hentry"],"yoast_head":"<!-- This site is optimized with the Yoast SEO plugin v27.4 - https:\/\/yoast.com\/product\/yoast-seo-wordpress\/ -->\n<title>PGT-A | Procrea<\/title>\n<meta name=\"description\" content=\"El PGT-A es un estudio que previene e identifica alteraciones en los cromosomas de tu beb\u00e9 previniendo enfermedades gen\u00e9ticas.\" \/>\n<meta name=\"robots\" content=\"index, follow, max-snippet:-1, max-image-preview:large, max-video-preview:-1\" \/>\n<link rel=\"canonical\" href=\"https:\/\/procrea.mx\/en\/servicios\/reproduccion-asistida\/tecnicas\/pgt-a\/\" \/>\n<meta property=\"og:locale\" content=\"en_GB\" \/>\n<meta property=\"og:type\" content=\"article\" \/>\n<meta property=\"og:title\" content=\"PGT-A | Procrea\" \/>\n<meta property=\"og:description\" content=\"El PGT-A es un estudio que previene e identifica alteraciones en los cromosomas de tu beb\u00e9 previniendo enfermedades gen\u00e9ticas.\" \/>\n<meta property=\"og:url\" content=\"https:\/\/procrea.mx\/en\/servicios\/reproduccion-asistida\/tecnicas\/pgt-a\/\" \/>\n<meta property=\"og:site_name\" content=\"Procrea\" \/>\n<meta property=\"article:publisher\" content=\"https:\/\/www.facebook.com\/procreamx\" \/>\n<meta property=\"article:modified_time\" content=\"2025-04-09T17:47:25+00:00\" \/>\n<meta property=\"og:image\" content=\"https:\/\/procrea.mx\/wp-content\/uploads\/elementor\/thumbs\/bigstock-d-rendered-medically-accurate-322803253-q59llokr6t8kmapgmshi4czjtx3gtatcpyd1wov18g.jpg\" \/>\n<meta name=\"twitter:card\" content=\"summary_large_image\" \/>\n<meta name=\"twitter:label1\" content=\"Estimated reading time\" \/>\n\t<meta name=\"twitter:data1\" content=\"1 minute\" \/>\n<script type=\"application\/ld+json\" class=\"yoast-schema-graph\">{\"@context\":\"https:\\\/\\\/schema.org\",\"@graph\":[{\"@type\":\"WebPage\",\"@id\":\"https:\\\/\\\/procrea.mx\\\/servicios\\\/reproduccion-asistida\\\/tecnicas\\\/pgt-a\\\/\",\"url\":\"https:\\\/\\\/procrea.mx\\\/servicios\\\/reproduccion-asistida\\\/tecnicas\\\/pgt-a\\\/\",\"name\":\"PGT-A | Procrea\",\"isPartOf\":{\"@id\":\"https:\\\/\\\/procrea.mx\\\/#website\"},\"primaryImageOfPage\":{\"@id\":\"https:\\\/\\\/procrea.mx\\\/servicios\\\/reproduccion-asistida\\\/tecnicas\\\/pgt-a\\\/#primaryimage\"},\"image\":{\"@id\":\"https:\\\/\\\/procrea.mx\\\/servicios\\\/reproduccion-asistida\\\/tecnicas\\\/pgt-a\\\/#primaryimage\"},\"thumbnailUrl\":\"https:\\\/\\\/procrea.mx\\\/wp-content\\\/uploads\\\/elementor\\\/thumbs\\\/bigstock-d-rendered-medically-accurate-322803253-q59llokr6t8kmapgmshi4czjtx3gtatcpyd1wov18g.jpg\",\"datePublished\":\"2021-09-03T05:45:37+00:00\",\"dateModified\":\"2025-04-09T17:47:25+00:00\",\"description\":\"El PGT-A es un estudio que previene e identifica alteraciones en los cromosomas de tu beb\u00e9 previniendo enfermedades gen\u00e9ticas.\",\"breadcrumb\":{\"@id\":\"https:\\\/\\\/procrea.mx\\\/servicios\\\/reproduccion-asistida\\\/tecnicas\\\/pgt-a\\\/#breadcrumb\"},\"inLanguage\":\"en-GB\",\"potentialAction\":[{\"@type\":\"ReadAction\",\"target\":[\"https:\\\/\\\/procrea.mx\\\/servicios\\\/reproduccion-asistida\\\/tecnicas\\\/pgt-a\\\/\"]}]},{\"@type\":\"ImageObject\",\"inLanguage\":\"en-GB\",\"@id\":\"https:\\\/\\\/procrea.mx\\\/servicios\\\/reproduccion-asistida\\\/tecnicas\\\/pgt-a\\\/#primaryimage\",\"url\":\"https:\\\/\\\/procrea.mx\\\/wp-content\\\/uploads\\\/elementor\\\/thumbs\\\/bigstock-d-rendered-medically-accurate-322803253-q59llokr6t8kmapgmshi4czjtx3gtatcpyd1wov18g.jpg\",\"contentUrl\":\"https:\\\/\\\/procrea.mx\\\/wp-content\\\/uploads\\\/elementor\\\/thumbs\\\/bigstock-d-rendered-medically-accurate-322803253-q59llokr6t8kmapgmshi4czjtx3gtatcpyd1wov18g.jpg\"},{\"@type\":\"BreadcrumbList\",\"@id\":\"https:\\\/\\\/procrea.mx\\\/servicios\\\/reproduccion-asistida\\\/tecnicas\\\/pgt-a\\\/#breadcrumb\",\"itemListElement\":[{\"@type\":\"ListItem\",\"position\":1,\"name\":\"Home\",\"item\":\"https:\\\/\\\/procrea.mx\\\/\"},{\"@type\":\"ListItem\",\"position\":2,\"name\":\"Servicios\",\"item\":\"https:\\\/\\\/procrea.mx\\\/servicios\\\/\"},{\"@type\":\"ListItem\",\"position\":3,\"name\":\"Reproducci\u00f3n Asistida\",\"item\":\"https:\\\/\\\/procrea.mx\\\/servicios\\\/reproduccion-asistida\\\/\"},{\"@type\":\"ListItem\",\"position\":4,\"name\":\"T\u00e9cnicas\",\"item\":\"https:\\\/\\\/procrea.mx\\\/servicios\\\/reproduccion-asistida\\\/tecnicas\\\/\"},{\"@type\":\"ListItem\",\"position\":5,\"name\":\"PGT-A\"}]},{\"@type\":\"WebSite\",\"@id\":\"https:\\\/\\\/procrea.mx\\\/#website\",\"url\":\"https:\\\/\\\/procrea.mx\\\/\",\"name\":\"Procrea\",\"description\":\"Procrea\",\"publisher\":{\"@id\":\"https:\\\/\\\/procrea.mx\\\/#organization\"},\"potentialAction\":[{\"@type\":\"SearchAction\",\"target\":{\"@type\":\"EntryPoint\",\"urlTemplate\":\"https:\\\/\\\/procrea.mx\\\/?s={search_term_string}\"},\"query-input\":{\"@type\":\"PropertyValueSpecification\",\"valueRequired\":true,\"valueName\":\"search_term_string\"}}],\"inLanguage\":\"en-GB\"},{\"@type\":\"Organization\",\"@id\":\"https:\\\/\\\/procrea.mx\\\/#organization\",\"name\":\"Procrea\",\"url\":\"https:\\\/\\\/procrea.mx\\\/\",\"logo\":{\"@type\":\"ImageObject\",\"inLanguage\":\"en-GB\",\"@id\":\"https:\\\/\\\/procrea.mx\\\/#\\\/schema\\\/logo\\\/image\\\/\",\"url\":\"https:\\\/\\\/procrea.mx\\\/wp-content\\\/uploads\\\/2023\\\/06\\\/logo-Procrea_page-0001.jpg\",\"contentUrl\":\"https:\\\/\\\/procrea.mx\\\/wp-content\\\/uploads\\\/2023\\\/06\\\/logo-Procrea_page-0001.jpg\",\"width\":1275,\"height\":386,\"caption\":\"Procrea\"},\"image\":{\"@id\":\"https:\\\/\\\/procrea.mx\\\/#\\\/schema\\\/logo\\\/image\\\/\"},\"sameAs\":[\"https:\\\/\\\/www.facebook.com\\\/procreamx\",\"https:\\\/\\\/www.instagram.com\\\/procrea_mx\\\/\",\"https:\\\/\\\/www.youtube.com\\\/@procreacentrodereproduccio3887\"]}]}<\/script>\n<!-- \/ Yoast SEO plugin. -->","yoast_head_json":{"title":"PGT-A | Procrea","description":"El PGT-A es un estudio que previene e identifica alteraciones en los cromosomas de tu beb\u00e9 previniendo enfermedades gen\u00e9ticas.","robots":{"index":"index","follow":"follow","max-snippet":"max-snippet:-1","max-image-preview":"max-image-preview:large","max-video-preview":"max-video-preview:-1"},"canonical":"https:\/\/procrea.mx\/en\/servicios\/reproduccion-asistida\/tecnicas\/pgt-a\/","og_locale":"en_GB","og_type":"article","og_title":"PGT-A | Procrea","og_description":"El PGT-A es un estudio que previene e identifica alteraciones en los cromosomas de tu beb\u00e9 previniendo enfermedades gen\u00e9ticas.","og_url":"https:\/\/procrea.mx\/en\/servicios\/reproduccion-asistida\/tecnicas\/pgt-a\/","og_site_name":"Procrea","article_publisher":"https:\/\/www.facebook.com\/procreamx","article_modified_time":"2025-04-09T17:47:25+00:00","og_image":[{"url":"https:\/\/procrea.mx\/wp-content\/uploads\/elementor\/thumbs\/bigstock-d-rendered-medically-accurate-322803253-q59llokr6t8kmapgmshi4czjtx3gtatcpyd1wov18g.jpg","type":"","width":"","height":""}],"twitter_card":"summary_large_image","twitter_misc":{"Estimated reading time":"1 minute"},"schema":{"@context":"https:\/\/schema.org","@graph":[{"@type":"WebPage","@id":"https:\/\/procrea.mx\/servicios\/reproduccion-asistida\/tecnicas\/pgt-a\/","url":"https:\/\/procrea.mx\/servicios\/reproduccion-asistida\/tecnicas\/pgt-a\/","name":"PGT-A | Procrea","isPartOf":{"@id":"https:\/\/procrea.mx\/#website"},"primaryImageOfPage":{"@id":"https:\/\/procrea.mx\/servicios\/reproduccion-asistida\/tecnicas\/pgt-a\/#primaryimage"},"image":{"@id":"https:\/\/procrea.mx\/servicios\/reproduccion-asistida\/tecnicas\/pgt-a\/#primaryimage"},"thumbnailUrl":"https:\/\/procrea.mx\/wp-content\/uploads\/elementor\/thumbs\/bigstock-d-rendered-medically-accurate-322803253-q59llokr6t8kmapgmshi4czjtx3gtatcpyd1wov18g.jpg","datePublished":"2021-09-03T05:45:37+00:00","dateModified":"2025-04-09T17:47:25+00:00","description":"El PGT-A es un estudio que previene e identifica alteraciones en los cromosomas de tu beb\u00e9 previniendo enfermedades gen\u00e9ticas.","breadcrumb":{"@id":"https:\/\/procrea.mx\/servicios\/reproduccion-asistida\/tecnicas\/pgt-a\/#breadcrumb"},"inLanguage":"en-GB","potentialAction":[{"@type":"ReadAction","target":["https:\/\/procrea.mx\/servicios\/reproduccion-asistida\/tecnicas\/pgt-a\/"]}]},{"@type":"ImageObject","inLanguage":"en-GB","@id":"https:\/\/procrea.mx\/servicios\/reproduccion-asistida\/tecnicas\/pgt-a\/#primaryimage","url":"https:\/\/procrea.mx\/wp-content\/uploads\/elementor\/thumbs\/bigstock-d-rendered-medically-accurate-322803253-q59llokr6t8kmapgmshi4czjtx3gtatcpyd1wov18g.jpg","contentUrl":"https:\/\/procrea.mx\/wp-content\/uploads\/elementor\/thumbs\/bigstock-d-rendered-medically-accurate-322803253-q59llokr6t8kmapgmshi4czjtx3gtatcpyd1wov18g.jpg"},{"@type":"BreadcrumbList","@id":"https:\/\/procrea.mx\/servicios\/reproduccion-asistida\/tecnicas\/pgt-a\/#breadcrumb","itemListElement":[{"@type":"ListItem","position":1,"name":"Home","item":"https:\/\/procrea.mx\/"},{"@type":"ListItem","position":2,"name":"Servicios","item":"https:\/\/procrea.mx\/servicios\/"},{"@type":"ListItem","position":3,"name":"Reproducci\u00f3n Asistida","item":"https:\/\/procrea.mx\/servicios\/reproduccion-asistida\/"},{"@type":"ListItem","position":4,"name":"T\u00e9cnicas","item":"https:\/\/procrea.mx\/servicios\/reproduccion-asistida\/tecnicas\/"},{"@type":"ListItem","position":5,"name":"PGT-A"}]},{"@type":"WebSite","@id":"https:\/\/procrea.mx\/#website","url":"https:\/\/procrea.mx\/","name":"Procrea","description":"Procrea","publisher":{"@id":"https:\/\/procrea.mx\/#organization"},"potentialAction":[{"@type":"SearchAction","target":{"@type":"EntryPoint","urlTemplate":"https:\/\/procrea.mx\/?s={search_term_string}"},"query-input":{"@type":"PropertyValueSpecification","valueRequired":true,"valueName":"search_term_string"}}],"inLanguage":"en-GB"},{"@type":"Organization","@id":"https:\/\/procrea.mx\/#organization","name":"Procrea","url":"https:\/\/procrea.mx\/","logo":{"@type":"ImageObject","inLanguage":"en-GB","@id":"https:\/\/procrea.mx\/#\/schema\/logo\/image\/","url":"https:\/\/procrea.mx\/wp-content\/uploads\/2023\/06\/logo-Procrea_page-0001.jpg","contentUrl":"https:\/\/procrea.mx\/wp-content\/uploads\/2023\/06\/logo-Procrea_page-0001.jpg","width":1275,"height":386,"caption":"Procrea"},"image":{"@id":"https:\/\/procrea.mx\/#\/schema\/logo\/image\/"},"sameAs":["https:\/\/www.facebook.com\/procreamx","https:\/\/www.instagram.com\/procrea_mx\/","https:\/\/www.youtube.com\/@procreacentrodereproduccio3887"]}]}},"_links":{"self":[{"href":"https:\/\/procrea.mx\/en\/wp-json\/wp\/v2\/pages\/2603","targetHints":{"allow":["GET"]}}],"collection":[{"href":"https:\/\/procrea.mx\/en\/wp-json\/wp\/v2\/pages"}],"about":[{"href":"https:\/\/procrea.mx\/en\/wp-json\/wp\/v2\/types\/page"}],"author":[{"embeddable":true,"href":"https:\/\/procrea.mx\/en\/wp-json\/wp\/v2\/users\/2"}],"replies":[{"embeddable":true,"href":"https:\/\/procrea.mx\/en\/wp-json\/wp\/v2\/comments?post=2603"}],"version-history":[{"count":0,"href":"https:\/\/procrea.mx\/en\/wp-json\/wp\/v2\/pages\/2603\/revisions"}],"up":[{"embeddable":true,"href":"https:\/\/procrea.mx\/en\/wp-json\/wp\/v2\/pages\/2566"}],"wp:attachment":[{"href":"https:\/\/procrea.mx\/en\/wp-json\/wp\/v2\/media?parent=2603"}],"curies":[{"name":"wp","href":"https:\/\/api.w.org\/{rel}","templated":true}]}}