{"id":2588,"date":"2021-09-02T23:59:04","date_gmt":"2021-09-03T04:59:04","guid":{"rendered":"https:\/\/procreamx.wpengine.com\/?page_id=2588"},"modified":"2025-04-09T11:26:37","modified_gmt":"2025-04-09T17:26:37","slug":"criopreservacion","status":"publish","type":"page","link":"https:\/\/procrea.mx\/en\/servicios\/reproduccion-asistida\/tecnicas\/criopreservacion\/","title":{"rendered":"Cryopreservation"},"content":{"rendered":"\t\t<div data-elementor-type=\"wp-page\" data-elementor-id=\"2588\" class=\"elementor elementor-2588\" data-elementor-post-type=\"page\">\n\t\t\t\t\t\t<section class=\"elementor-section elementor-top-section elementor-element elementor-element-1f5ec6b6 elementor-section-boxed elementor-section-height-default elementor-section-height-default\" data-id=\"1f5ec6b6\" data-element_type=\"section\" data-e-type=\"section\">\n\t\t\t\t\t\t<div class=\"elementor-container elementor-column-gap-default\">\n\t\t\t\t\t<div class=\"elementor-column elementor-col-100 elementor-top-column elementor-element elementor-element-3366df58\" data-id=\"3366df58\" data-element_type=\"column\" data-e-type=\"column\">\n\t\t\t<div class=\"elementor-widget-wrap elementor-element-populated\">\n\t\t\t\t\t\t<div class=\"elementor-element elementor-element-7d8f2e0 elementor-widget elementor-widget-heading\" data-id=\"7d8f2e0\" data-element_type=\"widget\" data-e-type=\"widget\" data-widget_type=\"heading.default\">\n\t\t\t\t<div class=\"elementor-widget-container\">\n\t\t\t\t\t<h1 class=\"elementor-heading-title elementor-size-default\">Criopreservaci\u00f3n<\/h1>\t\t\t\t<\/div>\n\t\t\t\t<\/div>\n\t\t\t\t<section class=\"elementor-section elementor-inner-section elementor-element elementor-element-76baf4c8 elementor-section-boxed elementor-section-height-default elementor-section-height-default\" data-id=\"76baf4c8\" data-element_type=\"section\" data-e-type=\"section\">\n\t\t\t\t\t\t<div class=\"elementor-container elementor-column-gap-default\">\n\t\t\t\t\t<div class=\"elementor-column elementor-col-33 elementor-inner-column elementor-element elementor-element-2fcfcde1\" data-id=\"2fcfcde1\" data-element_type=\"column\" data-e-type=\"column\">\n\t\t\t<div class=\"elementor-widget-wrap\">\n\t\t\t\t\t\t\t<\/div>\n\t\t<\/div>\n\t\t\t\t<div class=\"elementor-column elementor-col-33 elementor-inner-column elementor-element elementor-element-5ac89e71\" data-id=\"5ac89e71\" data-element_type=\"column\" data-e-type=\"column\">\n\t\t\t<div class=\"elementor-widget-wrap elementor-element-populated\">\n\t\t\t\t\t\t<div class=\"elementor-element elementor-element-4529c619 elementor-widget elementor-widget-spacer\" data-id=\"4529c619\" data-element_type=\"widget\" data-e-type=\"widget\" data-widget_type=\"spacer.default\">\n\t\t\t\t<div class=\"elementor-widget-container\">\n\t\t\t\t\t\t\t<div class=\"elementor-spacer\">\n\t\t\t<div class=\"elementor-spacer-inner\"><\/div>\n\t\t<\/div>\n\t\t\t\t\t\t<\/div>\n\t\t\t\t<\/div>\n\t\t\t\t\t<\/div>\n\t\t<\/div>\n\t\t\t\t<div class=\"elementor-column elementor-col-33 elementor-inner-column elementor-element elementor-element-73102d47\" data-id=\"73102d47\" data-element_type=\"column\" data-e-type=\"column\">\n\t\t\t<div class=\"elementor-widget-wrap\">\n\t\t\t\t\t\t\t<\/div>\n\t\t<\/div>\n\t\t\t\t\t<\/div>\n\t\t<\/section>\n\t\t\t\t<section class=\"elementor-section elementor-inner-section elementor-element elementor-element-2a2a30c4 elementor-section-boxed elementor-section-height-default elementor-section-height-default\" data-id=\"2a2a30c4\" data-element_type=\"section\" data-e-type=\"section\">\n\t\t\t\t\t\t<div class=\"elementor-container elementor-column-gap-default\">\n\t\t\t\t\t<div class=\"elementor-column elementor-col-50 elementor-inner-column elementor-element elementor-element-993c59f\" data-id=\"993c59f\" data-element_type=\"column\" data-e-type=\"column\">\n\t\t\t<div class=\"elementor-widget-wrap elementor-element-populated\">\n\t\t\t\t\t\t<div class=\"elementor-element elementor-element-2c060b72 elementor-widget elementor-widget-image\" data-id=\"2c060b72\" data-element_type=\"widget\" data-e-type=\"widget\" data-widget_type=\"image.default\">\n\t\t\t\t<div class=\"elementor-widget-container\">\n\t\t\t\t\t\t\t\t\t\t\t\t\t\t\t<img decoding=\"async\" src=\"https:\/\/procrea.mx\/wp-content\/uploads\/elementor\/thumbs\/closeup-foto-frutos-rojos-helados-scaled-rir8oa62wj7a8rsiu3i77366djgtefynbj85oblmk0.jpg\" title=\"Criopreservaci\u00f3n\" alt=\"Criopreservaci\u00f3n\" loading=\"lazy\" \/>\t\t\t\t\t\t\t\t\t\t\t\t\t\t\t<\/div>\n\t\t\t\t<\/div>\n\t\t\t\t\t<\/div>\n\t\t<\/div>\n\t\t\t\t<div class=\"elementor-column elementor-col-50 elementor-inner-column elementor-element elementor-element-2ce5fc4e\" data-id=\"2ce5fc4e\" data-element_type=\"column\" data-e-type=\"column\">\n\t\t\t<div class=\"elementor-widget-wrap elementor-element-populated\">\n\t\t\t\t\t\t<div class=\"elementor-element elementor-element-2d2f76a6 elementor-widget elementor-widget-heading\" data-id=\"2d2f76a6\" data-element_type=\"widget\" data-e-type=\"widget\" data-widget_type=\"heading.default\">\n\t\t\t\t<div class=\"elementor-widget-container\">\n\t\t\t\t\t<h2 class=\"elementor-heading-title elementor-size-default\">\u00bfQu\u00e9 es?<\/h2>\t\t\t\t<\/div>\n\t\t\t\t<\/div>\n\t\t\t\t<div class=\"elementor-element elementor-element-d0e44f6 elementor-widget elementor-widget-text-editor\" data-id=\"d0e44f6\" data-element_type=\"widget\" data-e-type=\"widget\" data-widget_type=\"text-editor.default\">\n\t\t\t\t<div class=\"elementor-widget-container\">\n\t\t\t\t\t\t\t\t\t<p><span style=\"font-weight: 400;\">La <span style=\"color: #995757;\"><strong>criopreservaci\u00f3n<\/strong> <\/span>en <strong><a href=\"https:\/\/procrea.mx\/servicios\/reproduccion-asistida\/\"><span style=\"color: #995757;\">Reproducci\u00f3n Asistida<\/span><\/a> <\/strong>es una t\u00e9cnica utilizada para preservar <span style=\"color: #333333;\">\u00f3vulo<\/span>s, espermatozoides o embriones a temperaturas muy bajas. Se sumergen en nitr\u00f3geno l\u00edquido a -196\u00b0C lo que detiene toda actividad biol\u00f3gica, sin embargo, su fisiolog\u00eda se mantiene intacta gracias al uso de crioprotectores que evitan que las temperaturas tan bajas da\u00f1en las c\u00e9lulas.<\/span><\/p><p><span style=\"font-weight: 400;\">El proceso es totalmente seguro y puede ser utilizado por quienes desean preservar su fertilidad para tener un hijo en un futuro o para quienes se someter\u00e1n a tratamientos m\u00e9dicos que pueden afectar su fertilidad, como quimioterapia o radioterapia.<\/span><\/p>\t\t\t\t\t\t\t\t<\/div>\n\t\t\t\t<\/div>\n\t\t\t\t\t<\/div>\n\t\t<\/div>\n\t\t\t\t\t<\/div>\n\t\t<\/section>\n\t\t\t\t<div class=\"elementor-element elementor-element-18ee30c elementor-widget elementor-widget-text-editor\" data-id=\"18ee30c\" data-element_type=\"widget\" data-e-type=\"widget\" data-widget_type=\"text-editor.default\">\n\t\t\t\t<div class=\"elementor-widget-container\">\n\t\t\t\t\t\t\t\t\t<p>Tambi\u00e9n es una excelente opci\u00f3n para parejas que realizar\u00e1n un tratamiento de <span style=\"color: #995757;\"><strong><a style=\"color: #995757;\" href=\"https:\/\/procrea.mx\/servicios\/reproduccion-asistida\/tratamientos\/fertilizacion-in-vitro\/\">Fertilizaci\u00f3n In Vitro<\/a><\/strong><a style=\"color: #995757;\" href=\"https:\/\/procrea.mx\/servicios\/reproduccion-asistida\/tratamientos\/fertilizacion-in-vitro\/\"><span style=\"color: #333333;\">,<\/span><\/a> <\/span>ya que los embriones resultantes que no sean seleccionados para la transferencia embrionaria pueden congelarse y utilizarse en futuros ciclos FIV.<\/p>\t\t\t\t\t\t\t\t<\/div>\n\t\t\t\t<\/div>\n\t\t\t\t<div class=\"elementor-element elementor-element-aca34d7 elementor-align-center elementor-widget elementor-widget-button\" data-id=\"aca34d7\" data-element_type=\"widget\" data-e-type=\"widget\" data-widget_type=\"button.default\">\n\t\t\t\t<div class=\"elementor-widget-container\">\n\t\t\t\t\t\t\t\t\t<div class=\"elementor-button-wrapper\">\n\t\t\t\t\t<a class=\"elementor-button elementor-button-link elementor-size-sm\" href=\"https:\/\/procrea.mx\/servicios\/reproduccion-asistida\/tecnicas\/\">\n\t\t\t\t\t\t<span class=\"elementor-button-content-wrapper\">\n\t\t\t\t\t\t\t\t\t<span class=\"elementor-button-text\">T\u00e9cnicas<\/span>\n\t\t\t\t\t<\/span>\n\t\t\t\t\t<\/a>\n\t\t\t\t<\/div>\n\t\t\t\t\t\t\t\t<\/div>\n\t\t\t\t<\/div>\n\t\t\t\t<section class=\"elementor-section elementor-inner-section elementor-element elementor-element-3a21390f elementor-section-boxed elementor-section-height-default elementor-section-height-default\" data-id=\"3a21390f\" data-element_type=\"section\" data-e-type=\"section\">\n\t\t\t\t\t\t<div class=\"elementor-container elementor-column-gap-default\">\n\t\t\t\t\t<div class=\"elementor-column elementor-col-33 elementor-inner-column elementor-element elementor-element-4804530f\" data-id=\"4804530f\" data-element_type=\"column\" data-e-type=\"column\">\n\t\t\t<div class=\"elementor-widget-wrap\">\n\t\t\t\t\t\t\t<\/div>\n\t\t<\/div>\n\t\t\t\t<div class=\"elementor-column elementor-col-33 elementor-inner-column elementor-element elementor-element-74c3c84\" data-id=\"74c3c84\" data-element_type=\"column\" data-e-type=\"column\">\n\t\t\t<div class=\"elementor-widget-wrap elementor-element-populated\">\n\t\t\t\t\t\t<div class=\"elementor-element elementor-element-7108e8a elementor-widget elementor-widget-spacer\" data-id=\"7108e8a\" data-element_type=\"widget\" data-e-type=\"widget\" data-widget_type=\"spacer.default\">\n\t\t\t\t<div class=\"elementor-widget-container\">\n\t\t\t\t\t\t\t<div class=\"elementor-spacer\">\n\t\t\t<div class=\"elementor-spacer-inner\"><\/div>\n\t\t<\/div>\n\t\t\t\t\t\t<\/div>\n\t\t\t\t<\/div>\n\t\t\t\t\t<\/div>\n\t\t<\/div>\n\t\t\t\t<div class=\"elementor-column elementor-col-33 elementor-inner-column elementor-element elementor-element-40847a9f\" data-id=\"40847a9f\" data-element_type=\"column\" data-e-type=\"column\">\n\t\t\t<div class=\"elementor-widget-wrap\">\n\t\t\t\t\t\t\t<\/div>\n\t\t<\/div>\n\t\t\t\t\t<\/div>\n\t\t<\/section>\n\t\t\t\t<div class=\"elementor-element elementor-element-5a5c193 elementor-widget elementor-widget-spacer\" data-id=\"5a5c193\" data-element_type=\"widget\" data-e-type=\"widget\" data-widget_type=\"spacer.default\">\n\t\t\t\t<div class=\"elementor-widget-container\">\n\t\t\t\t\t\t\t<div class=\"elementor-spacer\">\n\t\t\t<div class=\"elementor-spacer-inner\"><\/div>\n\t\t<\/div>\n\t\t\t\t\t\t<\/div>\n\t\t\t\t<\/div>\n\t\t\t\t<div class=\"elementor-element elementor-element-501e1d19 elementor-widget elementor-widget-heading\" data-id=\"501e1d19\" data-element_type=\"widget\" data-e-type=\"widget\" data-widget_type=\"heading.default\">\n\t\t\t\t<div class=\"elementor-widget-container\">\n\t\t\t\t\t<h2 class=\"elementor-heading-title elementor-size-default\">Solicita informaci\u00f3n<\/h2>\t\t\t\t<\/div>\n\t\t\t\t<\/div>\n\t\t\t\t<section class=\"elementor-section elementor-inner-section elementor-element elementor-element-56f90d32 elementor-section-boxed elementor-section-height-default elementor-section-height-default\" data-id=\"56f90d32\" data-element_type=\"section\" data-e-type=\"section\">\n\t\t\t\t\t\t<div class=\"elementor-container elementor-column-gap-default\">\n\t\t\t\t\t<div class=\"elementor-column elementor-col-50 elementor-inner-column elementor-element elementor-element-b376fa9\" data-id=\"b376fa9\" data-element_type=\"column\" data-e-type=\"column\">\n\t\t\t<div class=\"elementor-widget-wrap elementor-element-populated\">\n\t\t\t\t\t\t<div class=\"elementor-element elementor-element-7cb6fea elementor-widget elementor-widget-html\" data-id=\"7cb6fea\" data-element_type=\"widget\" data-e-type=\"widget\" data-widget_type=\"html.default\">\n\t\t\t\t<div class=\"elementor-widget-container\">\n\t\t\t\t\t<div id=\"zf_div_LjfMbAoENIrPOZXbLtFesa3ClKAgMZ6y5UZZIxczBBg\"><\/div><script type=\"text\/javascript\">(function() {\r\ntry{\r\nvar f = document.createElement(\"iframe\");\r\nf.src = 'https:\/\/forms.zohopublic.com\/atencionaclientes1\/form\/Contacto1\/formperma\/LjfMbAoENIrPOZXbLtFesa3ClKAgMZ6y5UZZIxczBBg?zf_rszfm=1';\r\nf.style.border=\"none\";\r\nf.style.height=\"527px\";\r\nf.style.width=\"90%\";\r\nf.style.transition=\"all 0.5s ease\";\r\n\r\nvar d = document.getElementById(\"zf_div_LjfMbAoENIrPOZXbLtFesa3ClKAgMZ6y5UZZIxczBBg\");\r\nd.appendChild(f);\r\nwindow.addEventListener('message', function (){\r\nvar evntData = event.data;\r\nif( evntData && evntData.constructor == String ){\r\nvar zf_ifrm_data = evntData.split(\"|\");\r\nif ( zf_ifrm_data.length == 2 ) {\r\nvar zf_perma = zf_ifrm_data[0];\r\nvar zf_ifrm_ht_nw = ( parseInt(zf_ifrm_data[1], 10) + 15 ) + \"px\";\r\nvar iframe = document.getElementById(\"zf_div_LjfMbAoENIrPOZXbLtFesa3ClKAgMZ6y5UZZIxczBBg\").getElementsByTagName(\"iframe\")[0];\r\nif ( (iframe.src).indexOf('formperma') > 0 && (iframe.src).indexOf(zf_perma) > 0 ) {\r\nvar prevIframeHeight = iframe.style.height;\r\nif ( prevIframeHeight != zf_ifrm_ht_nw ) {\r\niframe.style.height = zf_ifrm_ht_nw;\r\n}\r\n}\r\n}\r\n}\r\n}, false);\r\n}catch(e){}\r\n})();<\/script>\t\t\t\t<\/div>\n\t\t\t\t<\/div>\n\t\t\t\t\t<\/div>\n\t\t<\/div>\n\t\t\t\t<div class=\"elementor-column elementor-col-50 elementor-inner-column elementor-element elementor-element-5eb8c58c\" data-id=\"5eb8c58c\" data-element_type=\"column\" data-e-type=\"column\">\n\t\t\t<div class=\"elementor-widget-wrap elementor-element-populated\">\n\t\t\t\t\t\t<div class=\"elementor-element elementor-element-1cea0782 elementor-widget elementor-widget-spacer\" data-id=\"1cea0782\" data-element_type=\"widget\" data-e-type=\"widget\" data-widget_type=\"spacer.default\">\n\t\t\t\t<div class=\"elementor-widget-container\">\n\t\t\t\t\t\t\t<div class=\"elementor-spacer\">\n\t\t\t<div class=\"elementor-spacer-inner\"><\/div>\n\t\t<\/div>\n\t\t\t\t\t\t<\/div>\n\t\t\t\t<\/div>\n\t\t\t\t<div class=\"elementor-element elementor-element-6cf2b448 elementor-widget elementor-widget-image\" data-id=\"6cf2b448\" data-element_type=\"widget\" data-e-type=\"widget\" data-widget_type=\"image.default\">\n\t\t\t\t<div class=\"elementor-widget-container\">\n\t\t\t\t\t\t\t\t\t\t\t\t\t\t\t<img decoding=\"async\" src=\"https:\/\/procrea.mx\/wp-content\/uploads\/elementor\/thumbs\/fun-with-mother-in-the-bed-scaled-rirbidf16qyf83i0p85h0bqh249zez94ou0o488ar4.jpg\" title=\"Fun with mother in the bed\" alt=\"Fun with mother in the bed\" loading=\"lazy\" \/>\t\t\t\t\t\t\t\t\t\t\t\t\t\t\t<\/div>\n\t\t\t\t<\/div>\n\t\t\t\t\t<\/div>\n\t\t<\/div>\n\t\t\t\t\t<\/div>\n\t\t<\/section>\n\t\t\t\t<div class=\"elementor-element elementor-element-de1065f elementor-widget elementor-widget-spacer\" data-id=\"de1065f\" data-element_type=\"widget\" data-e-type=\"widget\" data-widget_type=\"spacer.default\">\n\t\t\t\t<div class=\"elementor-widget-container\">\n\t\t\t\t\t\t\t<div class=\"elementor-spacer\">\n\t\t\t<div class=\"elementor-spacer-inner\"><\/div>\n\t\t<\/div>\n\t\t\t\t\t\t<\/div>\n\t\t\t\t<\/div>\n\t\t\t\t\t<\/div>\n\t\t<\/div>\n\t\t\t\t\t<\/div>\n\t\t<\/section>\n\t\t\t\t<\/div>\n\t\t","protected":false},"excerpt":{"rendered":"<p>Criopreservaci\u00f3n \u00bfQu\u00e9 es? La criopreservaci\u00f3n en Reproducci\u00f3n Asistida es una t\u00e9cnica utilizada para preservar \u00f3vulos, espermatozoides o embriones a temperaturas muy bajas. Se sumergen en nitr\u00f3geno l\u00edquido a -196\u00b0C lo que detiene toda actividad biol\u00f3gica, sin embargo, su fisiolog\u00eda se mantiene intacta gracias al uso de crioprotectores que evitan que las temperaturas tan bajas da\u00f1en [&hellip;]<\/p>\n","protected":false},"author":2,"featured_media":0,"parent":2566,"menu_order":0,"comment_status":"closed","ping_status":"closed","template":"","meta":{"footnotes":""},"class_list":["post-2588","page","type-page","status-publish","hentry"],"yoast_head":"<!-- This site is optimized with the Yoast SEO plugin v27.0 - https:\/\/yoast.com\/product\/yoast-seo-wordpress\/ -->\n<title>Criopreservaci\u00f3n | Procrea<\/title>\n<meta name=\"description\" content=\"La criopreservaci\u00f3n es una t\u00e9cnica que se utiliza para preservar \u00f3vulos, espermatozoides y embriones a bajas temperaturas.\" \/>\n<meta name=\"robots\" content=\"index, follow, max-snippet:-1, max-image-preview:large, max-video-preview:-1\" \/>\n<link rel=\"canonical\" href=\"https:\/\/procrea.mx\/en\/servicios\/reproduccion-asistida\/tecnicas\/criopreservacion\/\" \/>\n<meta property=\"og:locale\" content=\"en_GB\" \/>\n<meta property=\"og:type\" content=\"article\" \/>\n<meta property=\"og:title\" content=\"Criopreservaci\u00f3n | Procrea\" \/>\n<meta property=\"og:description\" content=\"La criopreservaci\u00f3n es una t\u00e9cnica que se utiliza para preservar \u00f3vulos, espermatozoides y embriones a bajas temperaturas.\" \/>\n<meta property=\"og:url\" content=\"https:\/\/procrea.mx\/en\/servicios\/reproduccion-asistida\/tecnicas\/criopreservacion\/\" \/>\n<meta property=\"og:site_name\" content=\"Procrea\" \/>\n<meta property=\"article:publisher\" content=\"https:\/\/www.facebook.com\/procreamx\" \/>\n<meta property=\"article:modified_time\" content=\"2025-04-09T17:26:37+00:00\" \/>\n<meta property=\"og:image\" content=\"https:\/\/procrea.mx\/wp-content\/uploads\/elementor\/thumbs\/closeup-foto-frutos-rojos-helados-scaled-qdpv7j47yt2mg0lna1cuslht0jgru4z9dhpqlnwlm8.jpg\" \/>\n<meta name=\"twitter:card\" content=\"summary_large_image\" \/>\n<meta name=\"twitter:label1\" content=\"Estimated reading time\" \/>\n\t<meta name=\"twitter:data1\" content=\"2 minutes\" \/>\n<script type=\"application\/ld+json\" class=\"yoast-schema-graph\">{\"@context\":\"https:\/\/schema.org\",\"@graph\":[{\"@type\":\"WebPage\",\"@id\":\"https:\/\/procrea.mx\/servicios\/reproduccion-asistida\/tecnicas\/criopreservacion\/\",\"url\":\"https:\/\/procrea.mx\/servicios\/reproduccion-asistida\/tecnicas\/criopreservacion\/\",\"name\":\"Criopreservaci\u00f3n | Procrea\",\"isPartOf\":{\"@id\":\"https:\/\/procrea.mx\/#website\"},\"primaryImageOfPage\":{\"@id\":\"https:\/\/procrea.mx\/servicios\/reproduccion-asistida\/tecnicas\/criopreservacion\/#primaryimage\"},\"image\":{\"@id\":\"https:\/\/procrea.mx\/servicios\/reproduccion-asistida\/tecnicas\/criopreservacion\/#primaryimage\"},\"thumbnailUrl\":\"https:\/\/procrea.mx\/wp-content\/uploads\/elementor\/thumbs\/closeup-foto-frutos-rojos-helados-scaled-qdpv7j47yt2mg0lna1cuslht0jgru4z9dhpqlnwlm8.jpg\",\"datePublished\":\"2021-09-03T04:59:04+00:00\",\"dateModified\":\"2025-04-09T17:26:37+00:00\",\"description\":\"La criopreservaci\u00f3n es una t\u00e9cnica que se utiliza para preservar \u00f3vulos, espermatozoides y embriones a bajas temperaturas.\",\"breadcrumb\":{\"@id\":\"https:\/\/procrea.mx\/servicios\/reproduccion-asistida\/tecnicas\/criopreservacion\/#breadcrumb\"},\"inLanguage\":\"en-GB\",\"potentialAction\":[{\"@type\":\"ReadAction\",\"target\":[\"https:\/\/procrea.mx\/servicios\/reproduccion-asistida\/tecnicas\/criopreservacion\/\"]}]},{\"@type\":\"ImageObject\",\"inLanguage\":\"en-GB\",\"@id\":\"https:\/\/procrea.mx\/servicios\/reproduccion-asistida\/tecnicas\/criopreservacion\/#primaryimage\",\"url\":\"https:\/\/procrea.mx\/wp-content\/uploads\/elementor\/thumbs\/closeup-foto-frutos-rojos-helados-scaled-qdpv7j47yt2mg0lna1cuslht0jgru4z9dhpqlnwlm8.jpg\",\"contentUrl\":\"https:\/\/procrea.mx\/wp-content\/uploads\/elementor\/thumbs\/closeup-foto-frutos-rojos-helados-scaled-qdpv7j47yt2mg0lna1cuslht0jgru4z9dhpqlnwlm8.jpg\"},{\"@type\":\"BreadcrumbList\",\"@id\":\"https:\/\/procrea.mx\/servicios\/reproduccion-asistida\/tecnicas\/criopreservacion\/#breadcrumb\",\"itemListElement\":[{\"@type\":\"ListItem\",\"position\":1,\"name\":\"Home\",\"item\":\"https:\/\/procrea.mx\/\"},{\"@type\":\"ListItem\",\"position\":2,\"name\":\"Servicios\",\"item\":\"https:\/\/procrea.mx\/servicios\/\"},{\"@type\":\"ListItem\",\"position\":3,\"name\":\"Reproducci\u00f3n Asistida\",\"item\":\"https:\/\/procrea.mx\/servicios\/reproduccion-asistida\/\"},{\"@type\":\"ListItem\",\"position\":4,\"name\":\"T\u00e9cnicas\",\"item\":\"https:\/\/procrea.mx\/servicios\/reproduccion-asistida\/tecnicas\/\"},{\"@type\":\"ListItem\",\"position\":5,\"name\":\"Criopreservaci\u00f3n\"}]},{\"@type\":\"WebSite\",\"@id\":\"https:\/\/procrea.mx\/#website\",\"url\":\"https:\/\/procrea.mx\/\",\"name\":\"Procrea\",\"description\":\"Procrea\",\"publisher\":{\"@id\":\"https:\/\/procrea.mx\/#organization\"},\"potentialAction\":[{\"@type\":\"SearchAction\",\"target\":{\"@type\":\"EntryPoint\",\"urlTemplate\":\"https:\/\/procrea.mx\/?s={search_term_string}\"},\"query-input\":{\"@type\":\"PropertyValueSpecification\",\"valueRequired\":true,\"valueName\":\"search_term_string\"}}],\"inLanguage\":\"en-GB\"},{\"@type\":\"Organization\",\"@id\":\"https:\/\/procrea.mx\/#organization\",\"name\":\"Procrea\",\"url\":\"https:\/\/procrea.mx\/\",\"logo\":{\"@type\":\"ImageObject\",\"inLanguage\":\"en-GB\",\"@id\":\"https:\/\/procrea.mx\/#\/schema\/logo\/image\/\",\"url\":\"https:\/\/procrea.mx\/wp-content\/uploads\/2023\/06\/logo-Procrea_page-0001.jpg\",\"contentUrl\":\"https:\/\/procrea.mx\/wp-content\/uploads\/2023\/06\/logo-Procrea_page-0001.jpg\",\"width\":1275,\"height\":386,\"caption\":\"Procrea\"},\"image\":{\"@id\":\"https:\/\/procrea.mx\/#\/schema\/logo\/image\/\"},\"sameAs\":[\"https:\/\/www.facebook.com\/procreamx\",\"https:\/\/www.instagram.com\/procrea_mx\/\",\"https:\/\/www.youtube.com\/@procreacentrodereproduccio3887\"]}]}<\/script>\n<!-- \/ Yoast SEO plugin. -->","yoast_head_json":{"title":"Criopreservaci\u00f3n | Procrea","description":"La criopreservaci\u00f3n es una t\u00e9cnica que se utiliza para preservar \u00f3vulos, espermatozoides y embriones a bajas temperaturas.","robots":{"index":"index","follow":"follow","max-snippet":"max-snippet:-1","max-image-preview":"max-image-preview:large","max-video-preview":"max-video-preview:-1"},"canonical":"https:\/\/procrea.mx\/en\/servicios\/reproduccion-asistida\/tecnicas\/criopreservacion\/","og_locale":"en_GB","og_type":"article","og_title":"Criopreservaci\u00f3n | Procrea","og_description":"La criopreservaci\u00f3n es una t\u00e9cnica que se utiliza para preservar \u00f3vulos, espermatozoides y embriones a bajas temperaturas.","og_url":"https:\/\/procrea.mx\/en\/servicios\/reproduccion-asistida\/tecnicas\/criopreservacion\/","og_site_name":"Procrea","article_publisher":"https:\/\/www.facebook.com\/procreamx","article_modified_time":"2025-04-09T17:26:37+00:00","og_image":[{"url":"https:\/\/procrea.mx\/wp-content\/uploads\/elementor\/thumbs\/closeup-foto-frutos-rojos-helados-scaled-qdpv7j47yt2mg0lna1cuslht0jgru4z9dhpqlnwlm8.jpg","type":"","width":"","height":""}],"twitter_card":"summary_large_image","twitter_misc":{"Estimated reading time":"2 minutes"},"schema":{"@context":"https:\/\/schema.org","@graph":[{"@type":"WebPage","@id":"https:\/\/procrea.mx\/servicios\/reproduccion-asistida\/tecnicas\/criopreservacion\/","url":"https:\/\/procrea.mx\/servicios\/reproduccion-asistida\/tecnicas\/criopreservacion\/","name":"Criopreservaci\u00f3n | Procrea","isPartOf":{"@id":"https:\/\/procrea.mx\/#website"},"primaryImageOfPage":{"@id":"https:\/\/procrea.mx\/servicios\/reproduccion-asistida\/tecnicas\/criopreservacion\/#primaryimage"},"image":{"@id":"https:\/\/procrea.mx\/servicios\/reproduccion-asistida\/tecnicas\/criopreservacion\/#primaryimage"},"thumbnailUrl":"https:\/\/procrea.mx\/wp-content\/uploads\/elementor\/thumbs\/closeup-foto-frutos-rojos-helados-scaled-qdpv7j47yt2mg0lna1cuslht0jgru4z9dhpqlnwlm8.jpg","datePublished":"2021-09-03T04:59:04+00:00","dateModified":"2025-04-09T17:26:37+00:00","description":"La criopreservaci\u00f3n es una t\u00e9cnica que se utiliza para preservar \u00f3vulos, espermatozoides y embriones a bajas temperaturas.","breadcrumb":{"@id":"https:\/\/procrea.mx\/servicios\/reproduccion-asistida\/tecnicas\/criopreservacion\/#breadcrumb"},"inLanguage":"en-GB","potentialAction":[{"@type":"ReadAction","target":["https:\/\/procrea.mx\/servicios\/reproduccion-asistida\/tecnicas\/criopreservacion\/"]}]},{"@type":"ImageObject","inLanguage":"en-GB","@id":"https:\/\/procrea.mx\/servicios\/reproduccion-asistida\/tecnicas\/criopreservacion\/#primaryimage","url":"https:\/\/procrea.mx\/wp-content\/uploads\/elementor\/thumbs\/closeup-foto-frutos-rojos-helados-scaled-qdpv7j47yt2mg0lna1cuslht0jgru4z9dhpqlnwlm8.jpg","contentUrl":"https:\/\/procrea.mx\/wp-content\/uploads\/elementor\/thumbs\/closeup-foto-frutos-rojos-helados-scaled-qdpv7j47yt2mg0lna1cuslht0jgru4z9dhpqlnwlm8.jpg"},{"@type":"BreadcrumbList","@id":"https:\/\/procrea.mx\/servicios\/reproduccion-asistida\/tecnicas\/criopreservacion\/#breadcrumb","itemListElement":[{"@type":"ListItem","position":1,"name":"Home","item":"https:\/\/procrea.mx\/"},{"@type":"ListItem","position":2,"name":"Servicios","item":"https:\/\/procrea.mx\/servicios\/"},{"@type":"ListItem","position":3,"name":"Reproducci\u00f3n Asistida","item":"https:\/\/procrea.mx\/servicios\/reproduccion-asistida\/"},{"@type":"ListItem","position":4,"name":"T\u00e9cnicas","item":"https:\/\/procrea.mx\/servicios\/reproduccion-asistida\/tecnicas\/"},{"@type":"ListItem","position":5,"name":"Criopreservaci\u00f3n"}]},{"@type":"WebSite","@id":"https:\/\/procrea.mx\/#website","url":"https:\/\/procrea.mx\/","name":"Procrea","description":"Procrea","publisher":{"@id":"https:\/\/procrea.mx\/#organization"},"potentialAction":[{"@type":"SearchAction","target":{"@type":"EntryPoint","urlTemplate":"https:\/\/procrea.mx\/?s={search_term_string}"},"query-input":{"@type":"PropertyValueSpecification","valueRequired":true,"valueName":"search_term_string"}}],"inLanguage":"en-GB"},{"@type":"Organization","@id":"https:\/\/procrea.mx\/#organization","name":"Procrea","url":"https:\/\/procrea.mx\/","logo":{"@type":"ImageObject","inLanguage":"en-GB","@id":"https:\/\/procrea.mx\/#\/schema\/logo\/image\/","url":"https:\/\/procrea.mx\/wp-content\/uploads\/2023\/06\/logo-Procrea_page-0001.jpg","contentUrl":"https:\/\/procrea.mx\/wp-content\/uploads\/2023\/06\/logo-Procrea_page-0001.jpg","width":1275,"height":386,"caption":"Procrea"},"image":{"@id":"https:\/\/procrea.mx\/#\/schema\/logo\/image\/"},"sameAs":["https:\/\/www.facebook.com\/procreamx","https:\/\/www.instagram.com\/procrea_mx\/","https:\/\/www.youtube.com\/@procreacentrodereproduccio3887"]}]}},"_links":{"self":[{"href":"https:\/\/procrea.mx\/en\/wp-json\/wp\/v2\/pages\/2588","targetHints":{"allow":["GET"]}}],"collection":[{"href":"https:\/\/procrea.mx\/en\/wp-json\/wp\/v2\/pages"}],"about":[{"href":"https:\/\/procrea.mx\/en\/wp-json\/wp\/v2\/types\/page"}],"author":[{"embeddable":true,"href":"https:\/\/procrea.mx\/en\/wp-json\/wp\/v2\/users\/2"}],"replies":[{"embeddable":true,"href":"https:\/\/procrea.mx\/en\/wp-json\/wp\/v2\/comments?post=2588"}],"version-history":[{"count":0,"href":"https:\/\/procrea.mx\/en\/wp-json\/wp\/v2\/pages\/2588\/revisions"}],"up":[{"embeddable":true,"href":"https:\/\/procrea.mx\/en\/wp-json\/wp\/v2\/pages\/2566"}],"wp:attachment":[{"href":"https:\/\/procrea.mx\/en\/wp-json\/wp\/v2\/media?parent=2588"}],"curies":[{"name":"wp","href":"https:\/\/api.w.org\/{rel}","templated":true}]}}