{"id":2467,"date":"2021-08-29T22:27:52","date_gmt":"2021-08-30T03:27:52","guid":{"rendered":"https:\/\/procreamx.wpengine.com\/?page_id=2467"},"modified":"2025-03-25T10:59:26","modified_gmt":"2025-03-25T16:59:26","slug":"ginecologia-y-obstetricia","status":"publish","type":"page","link":"https:\/\/procrea.mx\/en\/servicios\/ginecologia-y-obstetricia\/","title":{"rendered":"Gynecology and Obstetrics"},"content":{"rendered":"\t\t<div data-elementor-type=\"wp-page\" data-elementor-id=\"2467\" class=\"elementor elementor-2467\" data-elementor-post-type=\"page\">\n\t\t\t\t\t\t<section class=\"elementor-section elementor-top-section elementor-element elementor-element-185de82c elementor-section-boxed elementor-section-height-default elementor-section-height-default\" data-id=\"185de82c\" data-element_type=\"section\" data-e-type=\"section\">\n\t\t\t\t\t\t<div class=\"elementor-container elementor-column-gap-default\">\n\t\t\t\t\t<div class=\"elementor-column elementor-col-100 elementor-top-column elementor-element elementor-element-dfcab89\" data-id=\"dfcab89\" data-element_type=\"column\" data-e-type=\"column\">\n\t\t\t<div class=\"elementor-widget-wrap elementor-element-populated\">\n\t\t\t\t\t\t<div class=\"elementor-element elementor-element-6c19ad8 elementor-widget elementor-widget-heading\" data-id=\"6c19ad8\" data-element_type=\"widget\" data-e-type=\"widget\" data-widget_type=\"heading.default\">\n\t\t\t\t<div class=\"elementor-widget-container\">\n\t\t\t\t\t<h1 class=\"elementor-heading-title elementor-size-default\">Ginecolog\u00eda y Obstetricia<\/h1>\t\t\t\t<\/div>\n\t\t\t\t<\/div>\n\t\t\t\t<section class=\"elementor-section elementor-inner-section elementor-element elementor-element-0afb1dd elementor-section-boxed elementor-section-height-default elementor-section-height-default\" data-id=\"0afb1dd\" data-element_type=\"section\" data-e-type=\"section\">\n\t\t\t\t\t\t<div class=\"elementor-container elementor-column-gap-default\">\n\t\t\t\t\t<div class=\"elementor-column elementor-col-33 elementor-inner-column elementor-element elementor-element-c3279b4\" data-id=\"c3279b4\" data-element_type=\"column\" data-e-type=\"column\">\n\t\t\t<div class=\"elementor-widget-wrap\">\n\t\t\t\t\t\t\t<\/div>\n\t\t<\/div>\n\t\t\t\t<div class=\"elementor-column elementor-col-33 elementor-inner-column elementor-element elementor-element-775e200\" data-id=\"775e200\" data-element_type=\"column\" data-e-type=\"column\">\n\t\t\t<div class=\"elementor-widget-wrap elementor-element-populated\">\n\t\t\t\t\t\t<div class=\"elementor-element elementor-element-eb94398 elementor-widget elementor-widget-spacer\" data-id=\"eb94398\" data-element_type=\"widget\" data-e-type=\"widget\" data-widget_type=\"spacer.default\">\n\t\t\t\t<div class=\"elementor-widget-container\">\n\t\t\t\t\t\t\t<div class=\"elementor-spacer\">\n\t\t\t<div class=\"elementor-spacer-inner\"><\/div>\n\t\t<\/div>\n\t\t\t\t\t\t<\/div>\n\t\t\t\t<\/div>\n\t\t\t\t\t<\/div>\n\t\t<\/div>\n\t\t\t\t<div class=\"elementor-column elementor-col-33 elementor-inner-column elementor-element elementor-element-2b8a4fc\" data-id=\"2b8a4fc\" data-element_type=\"column\" data-e-type=\"column\">\n\t\t\t<div class=\"elementor-widget-wrap\">\n\t\t\t\t\t\t\t<\/div>\n\t\t<\/div>\n\t\t\t\t\t<\/div>\n\t\t<\/section>\n\t\t\t\t<div class=\"elementor-element elementor-element-2721df3 elementor-widget elementor-widget-spacer\" data-id=\"2721df3\" data-element_type=\"widget\" data-e-type=\"widget\" data-widget_type=\"spacer.default\">\n\t\t\t\t<div class=\"elementor-widget-container\">\n\t\t\t\t\t\t\t<div class=\"elementor-spacer\">\n\t\t\t<div class=\"elementor-spacer-inner\"><\/div>\n\t\t<\/div>\n\t\t\t\t\t\t<\/div>\n\t\t\t\t<\/div>\n\t\t\t\t<section class=\"elementor-section elementor-inner-section elementor-element elementor-element-527b38f elementor-section-boxed elementor-section-height-default elementor-section-height-default\" data-id=\"527b38f\" data-element_type=\"section\" data-e-type=\"section\">\n\t\t\t\t\t\t<div class=\"elementor-container elementor-column-gap-default\">\n\t\t\t\t\t<div class=\"elementor-column elementor-col-50 elementor-inner-column elementor-element elementor-element-6795cf8\" data-id=\"6795cf8\" data-element_type=\"column\" data-e-type=\"column\">\n\t\t\t<div class=\"elementor-widget-wrap elementor-element-populated\">\n\t\t\t\t\t\t<div class=\"elementor-element elementor-element-1cce34e elementor-widget elementor-widget-image\" data-id=\"1cce34e\" data-element_type=\"widget\" data-e-type=\"widget\" data-widget_type=\"image.default\">\n\t\t\t\t<div class=\"elementor-widget-container\">\n\t\t\t\t\t\t\t\t\t\t\t\t\t\t\t<img decoding=\"async\" src=\"https:\/\/procrea.mx\/wp-content\/uploads\/elementor\/thumbs\/mujer-embarazada-tulipanes-tiene-manos-vientre-embarazo-maternidad-concepto-vacaciones-dia-madre-1-scaled-rira4luncitsg0bifi02agnwqxvjmpahzthn08podk.jpg\" title=\"ginecolog\u00eda y obstetricia\" alt=\"ginecolog\u00eda y obstetricia\" loading=\"lazy\" \/>\t\t\t\t\t\t\t\t\t\t\t\t\t\t\t<\/div>\n\t\t\t\t<\/div>\n\t\t\t\t\t<\/div>\n\t\t<\/div>\n\t\t\t\t<div class=\"elementor-column elementor-col-50 elementor-inner-column elementor-element elementor-element-8e959d7\" data-id=\"8e959d7\" data-element_type=\"column\" data-e-type=\"column\">\n\t\t\t<div class=\"elementor-widget-wrap elementor-element-populated\">\n\t\t\t\t\t\t<div class=\"elementor-element elementor-element-6380d9b elementor-widget elementor-widget-spacer\" data-id=\"6380d9b\" data-element_type=\"widget\" data-e-type=\"widget\" data-widget_type=\"spacer.default\">\n\t\t\t\t<div class=\"elementor-widget-container\">\n\t\t\t\t\t\t\t<div class=\"elementor-spacer\">\n\t\t\t<div class=\"elementor-spacer-inner\"><\/div>\n\t\t<\/div>\n\t\t\t\t\t\t<\/div>\n\t\t\t\t<\/div>\n\t\t\t\t<div class=\"elementor-element elementor-element-152087e elementor-widget elementor-widget-text-editor\" data-id=\"152087e\" data-element_type=\"widget\" data-e-type=\"widget\" data-widget_type=\"text-editor.default\">\n\t\t\t\t<div class=\"elementor-widget-container\">\n\t\t\t\t\t\t\t\t\t<p>La <span style=\"color: #995757;\"><strong>ginecolog\u00eda <\/strong><\/span>es una especialidad que aborda el cuidado de los \u00f3rganos reproductivos de la mujer y cualquier tipo de problema relacionado. La <span style=\"color: #995757;\"><strong>obstetricia<\/strong><\/span>, a diferencia de la ginecolog\u00eda, es una especialidad m\u00e9dica que se ocupa del embarazo, el nacimiento y posparto, incluyendo situaciones de riesgo que requieran una intervenci\u00f3n quir\u00fargica.<\/p><p>Estas ramas de la medicina se relacionan mucho ya que ambas se especializan en el cuidado del estado de salud de la mujer, de sus \u00f3rganos reproductivos y de <span style=\"color: #995757;\"><strong><a style=\"color: #995757;\" href=\"https:\/\/www.tiktok.com\/@procrea.mx\/video\/7197588313937579269?lang=es\">todo lo relacionado <\/a><\/strong><span style=\"color: #333333;\">con el<\/span><\/span><span style=\"color: #333333;\"> embarazo y planificaci\u00f3n familiar.<\/span><\/p>\t\t\t\t\t\t\t\t<\/div>\n\t\t\t\t<\/div>\n\t\t\t\t\t<\/div>\n\t\t<\/div>\n\t\t\t\t\t<\/div>\n\t\t<\/section>\n\t\t\t\t<div class=\"elementor-element elementor-element-e0e55b1 elementor-widget elementor-widget-spacer\" data-id=\"e0e55b1\" data-element_type=\"widget\" data-e-type=\"widget\" data-widget_type=\"spacer.default\">\n\t\t\t\t<div class=\"elementor-widget-container\">\n\t\t\t\t\t\t\t<div class=\"elementor-spacer\">\n\t\t\t<div class=\"elementor-spacer-inner\"><\/div>\n\t\t<\/div>\n\t\t\t\t\t\t<\/div>\n\t\t\t\t<\/div>\n\t\t\t\t<div class=\"elementor-element elementor-element-dcc266a elementor-widget elementor-widget-text-editor\" data-id=\"dcc266a\" data-element_type=\"widget\" data-e-type=\"widget\" data-widget_type=\"text-editor.default\">\n\t\t\t\t<div class=\"elementor-widget-container\">\n\t\t\t\t\t\t\t\t\t<p>En\u00a0<span style=\"color: #ba207c;\"><span style=\"color: #995757;\"><strong><a style=\"color: #995757;\" href=\"https:\/\/procrea.mx\/\">Procrea<\/a><\/strong><\/span> <\/span>contamos con especialistas en <span style=\"color: #995757;\"><strong>ginecolog\u00eda y obstetricia<\/strong><\/span> para brindarte un trato personalizado antes, durante y despu\u00e9s de tu tratamiento y embarazo, con el fin de prevenir cualquier tipo de complicaci\u00f3n durante tu proceso.\u00a0<\/p>\t\t\t\t\t\t\t\t<\/div>\n\t\t\t\t<\/div>\n\t\t\t\t\t<\/div>\n\t\t<\/div>\n\t\t\t\t\t<\/div>\n\t\t<\/section>\n\t\t\t\t<section class=\"elementor-section elementor-top-section elementor-element elementor-element-35e2b3ea elementor-section-boxed elementor-section-height-default elementor-section-height-default\" data-id=\"35e2b3ea\" data-element_type=\"section\" data-e-type=\"section\">\n\t\t\t\t\t\t<div class=\"elementor-container elementor-column-gap-default\">\n\t\t\t\t\t<div class=\"elementor-column elementor-col-100 elementor-top-column elementor-element elementor-element-153ca566\" data-id=\"153ca566\" data-element_type=\"column\" data-e-type=\"column\">\n\t\t\t<div class=\"elementor-widget-wrap elementor-element-populated\">\n\t\t\t\t\t\t<div class=\"elementor-element elementor-element-4333183e elementor-widget elementor-widget-spacer\" data-id=\"4333183e\" data-element_type=\"widget\" data-e-type=\"widget\" data-widget_type=\"spacer.default\">\n\t\t\t\t<div class=\"elementor-widget-container\">\n\t\t\t\t\t\t\t<div class=\"elementor-spacer\">\n\t\t\t<div class=\"elementor-spacer-inner\"><\/div>\n\t\t<\/div>\n\t\t\t\t\t\t<\/div>\n\t\t\t\t<\/div>\n\t\t\t\t<div class=\"elementor-element elementor-element-4ab2eafc elementor-widget elementor-widget-spacer\" data-id=\"4ab2eafc\" data-element_type=\"widget\" data-e-type=\"widget\" data-widget_type=\"spacer.default\">\n\t\t\t\t<div class=\"elementor-widget-container\">\n\t\t\t\t\t\t\t<div class=\"elementor-spacer\">\n\t\t\t<div class=\"elementor-spacer-inner\"><\/div>\n\t\t<\/div>\n\t\t\t\t\t\t<\/div>\n\t\t\t\t<\/div>\n\t\t\t\t<div class=\"elementor-element elementor-element-499e42e elementor-widget elementor-widget-heading\" data-id=\"499e42e\" data-element_type=\"widget\" data-e-type=\"widget\" data-widget_type=\"heading.default\">\n\t\t\t\t<div class=\"elementor-widget-container\">\n\t\t\t\t\t<h2 class=\"elementor-heading-title elementor-size-default\">Cont\u00e1ctanos<\/h2>\t\t\t\t<\/div>\n\t\t\t\t<\/div>\n\t\t\t\t<section class=\"elementor-section elementor-inner-section elementor-element elementor-element-3887bff9 elementor-section-boxed elementor-section-height-default elementor-section-height-default\" data-id=\"3887bff9\" data-element_type=\"section\" data-e-type=\"section\">\n\t\t\t\t\t\t<div class=\"elementor-container elementor-column-gap-default\">\n\t\t\t\t\t<div class=\"elementor-column elementor-col-33 elementor-inner-column elementor-element elementor-element-7e1e3a23\" data-id=\"7e1e3a23\" data-element_type=\"column\" data-e-type=\"column\">\n\t\t\t<div class=\"elementor-widget-wrap\">\n\t\t\t\t\t\t\t<\/div>\n\t\t<\/div>\n\t\t\t\t<div class=\"elementor-column elementor-col-33 elementor-inner-column elementor-element elementor-element-2ffb6e4f\" data-id=\"2ffb6e4f\" data-element_type=\"column\" data-e-type=\"column\">\n\t\t\t<div class=\"elementor-widget-wrap elementor-element-populated\">\n\t\t\t\t\t\t<div class=\"elementor-element elementor-element-3d6d53c8 elementor-widget elementor-widget-spacer\" data-id=\"3d6d53c8\" data-element_type=\"widget\" data-e-type=\"widget\" data-widget_type=\"spacer.default\">\n\t\t\t\t<div class=\"elementor-widget-container\">\n\t\t\t\t\t\t\t<div class=\"elementor-spacer\">\n\t\t\t<div class=\"elementor-spacer-inner\"><\/div>\n\t\t<\/div>\n\t\t\t\t\t\t<\/div>\n\t\t\t\t<\/div>\n\t\t\t\t\t<\/div>\n\t\t<\/div>\n\t\t\t\t<div class=\"elementor-column elementor-col-33 elementor-inner-column elementor-element elementor-element-35c0270\" data-id=\"35c0270\" data-element_type=\"column\" data-e-type=\"column\">\n\t\t\t<div class=\"elementor-widget-wrap\">\n\t\t\t\t\t\t\t<\/div>\n\t\t<\/div>\n\t\t\t\t\t<\/div>\n\t\t<\/section>\n\t\t\t\t<section class=\"elementor-section elementor-inner-section elementor-element elementor-element-3acb6c8d elementor-section-boxed elementor-section-height-default elementor-section-height-default\" data-id=\"3acb6c8d\" data-element_type=\"section\" data-e-type=\"section\">\n\t\t\t\t\t\t<div class=\"elementor-container elementor-column-gap-default\">\n\t\t\t\t\t<div class=\"elementor-column elementor-col-50 elementor-inner-column elementor-element elementor-element-4f10108b\" data-id=\"4f10108b\" data-element_type=\"column\" data-e-type=\"column\">\n\t\t\t<div class=\"elementor-widget-wrap elementor-element-populated\">\n\t\t\t\t\t\t<div class=\"elementor-element elementor-element-d6db649 elementor-widget elementor-widget-html\" data-id=\"d6db649\" data-element_type=\"widget\" data-e-type=\"widget\" data-widget_type=\"html.default\">\n\t\t\t\t<div class=\"elementor-widget-container\">\n\t\t\t\t\t<div id=\"zf_div_LjfMbAoENIrPOZXbLtFesa3ClKAgMZ6y5UZZIxczBBg\"><\/div><script type=\"text\/javascript\">(function() {\r\ntry{\r\nvar f = document.createElement(\"iframe\");\r\nf.src = 'https:\/\/forms.zohopublic.com\/atencionaclientes1\/form\/Contacto1\/formperma\/LjfMbAoENIrPOZXbLtFesa3ClKAgMZ6y5UZZIxczBBg?zf_rszfm=1';\r\nf.style.border=\"none\";\r\nf.style.height=\"548px\";\r\nf.style.width=\"90%\";\r\nf.style.transition=\"all 0.5s ease\";\r\n\r\nvar d = document.getElementById(\"zf_div_LjfMbAoENIrPOZXbLtFesa3ClKAgMZ6y5UZZIxczBBg\");\r\nd.appendChild(f);\r\nwindow.addEventListener('message', function (){\r\nvar evntData = event.data;\r\nif( evntData && evntData.constructor == String ){\r\nvar zf_ifrm_data = evntData.split(\"|\");\r\nif ( zf_ifrm_data.length == 2 ) {\r\nvar zf_perma = zf_ifrm_data[0];\r\nvar zf_ifrm_ht_nw = ( parseInt(zf_ifrm_data[1], 10) + 15 ) + \"px\";\r\nvar iframe = document.getElementById(\"zf_div_LjfMbAoENIrPOZXbLtFesa3ClKAgMZ6y5UZZIxczBBg\").getElementsByTagName(\"iframe\")[0];\r\nif ( (iframe.src).indexOf('formperma') > 0 && (iframe.src).indexOf(zf_perma) > 0 ) {\r\nvar prevIframeHeight = iframe.style.height;\r\nif ( prevIframeHeight != zf_ifrm_ht_nw ) {\r\niframe.style.height = zf_ifrm_ht_nw;\r\n}\r\n}\r\n}\r\n}\r\n}, false);\r\n}catch(e){}\r\n})();<\/script>\t\t\t\t<\/div>\n\t\t\t\t<\/div>\n\t\t\t\t\t<\/div>\n\t\t<\/div>\n\t\t\t\t<div class=\"elementor-column elementor-col-50 elementor-inner-column elementor-element elementor-element-4ff31a70\" data-id=\"4ff31a70\" data-element_type=\"column\" data-e-type=\"column\">\n\t\t\t<div class=\"elementor-widget-wrap elementor-element-populated\">\n\t\t\t\t\t\t<div class=\"elementor-element elementor-element-6a3163ad elementor-widget elementor-widget-spacer\" data-id=\"6a3163ad\" data-element_type=\"widget\" data-e-type=\"widget\" data-widget_type=\"spacer.default\">\n\t\t\t\t<div class=\"elementor-widget-container\">\n\t\t\t\t\t\t\t<div class=\"elementor-spacer\">\n\t\t\t<div class=\"elementor-spacer-inner\"><\/div>\n\t\t<\/div>\n\t\t\t\t\t\t<\/div>\n\t\t\t\t<\/div>\n\t\t\t\t<div class=\"elementor-element elementor-element-758f27dd elementor-widget elementor-widget-image\" data-id=\"758f27dd\" data-element_type=\"widget\" data-e-type=\"widget\" data-widget_type=\"image.default\">\n\t\t\t\t<div class=\"elementor-widget-container\">\n\t\t\t\t\t\t\t\t\t\t\t\t\t\t\t<img decoding=\"async\" src=\"https:\/\/procrea.mx\/wp-content\/uploads\/elementor\/thumbs\/feliz-joven-madre-sostiene-precioso-nino-pequeno-abraza-suavemente-su-pequeno-cuerpo-nino-riendo-alegremente-mirando-camara-grandes-ojos-grises-scaled-riraig13yprvgnoqhp2tpe47nxcx7gmh30cjrhi0kw.jpg\" title=\"mam\u00e1 e hijo\" alt=\"mam\u00e1 e hijo\" loading=\"lazy\" \/>\t\t\t\t\t\t\t\t\t\t\t\t\t\t\t<\/div>\n\t\t\t\t<\/div>\n\t\t\t\t\t<\/div>\n\t\t<\/div>\n\t\t\t\t\t<\/div>\n\t\t<\/section>\n\t\t\t\t\t<\/div>\n\t\t<\/div>\n\t\t\t\t\t<\/div>\n\t\t<\/section>\n\t\t\t\t<\/div>\n\t\t","protected":false},"excerpt":{"rendered":"<p>Ginecolog\u00eda y Obstetricia La ginecolog\u00eda es una especialidad que aborda el cuidado de los \u00f3rganos reproductivos de la mujer y cualquier tipo de problema relacionado. La obstetricia, a diferencia de la ginecolog\u00eda, es una especialidad m\u00e9dica que se ocupa del embarazo, el nacimiento y posparto, incluyendo situaciones de riesgo que requieran una intervenci\u00f3n quir\u00fargica. Estas [&hellip;]<\/p>\n","protected":false},"author":2,"featured_media":3746,"parent":75,"menu_order":0,"comment_status":"closed","ping_status":"closed","template":"","meta":{"footnotes":""},"class_list":["post-2467","page","type-page","status-publish","has-post-thumbnail","hentry"],"yoast_head":"<!-- This site is optimized with the Yoast SEO plugin v27.0 - https:\/\/yoast.com\/product\/yoast-seo-wordpress\/ -->\n<title>Ginecolog\u00eda y Obstetricia | Procrea<\/title>\n<meta name=\"description\" content=\"La ginecolog\u00eda y obstetricia se relacionan mucho, ya que ambas se especializan en el cuidado del estado de salud de la mujer.\" \/>\n<meta name=\"robots\" content=\"index, follow, max-snippet:-1, max-image-preview:large, max-video-preview:-1\" \/>\n<link rel=\"canonical\" href=\"https:\/\/procrea.mx\/en\/servicios\/ginecologia-y-obstetricia\/\" \/>\n<meta property=\"og:locale\" content=\"en_GB\" \/>\n<meta property=\"og:type\" content=\"article\" \/>\n<meta property=\"og:title\" content=\"Ginecolog\u00eda y Obstetricia | Procrea\" \/>\n<meta property=\"og:description\" content=\"La ginecolog\u00eda y obstetricia se relacionan mucho, ya que ambas se especializan en el cuidado del estado de salud de la mujer.\" \/>\n<meta property=\"og:url\" content=\"https:\/\/procrea.mx\/en\/servicios\/ginecologia-y-obstetricia\/\" \/>\n<meta property=\"og:site_name\" content=\"Procrea\" \/>\n<meta property=\"article:publisher\" content=\"https:\/\/www.facebook.com\/procreamx\" \/>\n<meta property=\"article:modified_time\" content=\"2025-03-25T16:59:26+00:00\" \/>\n<meta property=\"og:image\" content=\"https:\/\/procrea.mx\/wp-content\/uploads\/2023\/03\/mujer-embarazada-tulipanes-tiene-manos-vientre-embarazo-maternidad-concepto-vacaciones-dia-madre-1-scaled.jpg\" \/>\n\t<meta property=\"og:image:width\" content=\"2560\" \/>\n\t<meta property=\"og:image:height\" content=\"1776\" \/>\n\t<meta property=\"og:image:type\" content=\"image\/jpeg\" \/>\n<meta name=\"twitter:card\" content=\"summary_large_image\" \/>\n<meta name=\"twitter:label1\" content=\"Estimated reading time\" \/>\n\t<meta name=\"twitter:data1\" content=\"1 minute\" \/>\n<script type=\"application\/ld+json\" class=\"yoast-schema-graph\">{\"@context\":\"https:\/\/schema.org\",\"@graph\":[{\"@type\":\"WebPage\",\"@id\":\"https:\/\/procrea.mx\/servicios\/ginecologia-y-obstetricia\/\",\"url\":\"https:\/\/procrea.mx\/servicios\/ginecologia-y-obstetricia\/\",\"name\":\"Ginecolog\u00eda y Obstetricia | Procrea\",\"isPartOf\":{\"@id\":\"https:\/\/procrea.mx\/#website\"},\"primaryImageOfPage\":{\"@id\":\"https:\/\/procrea.mx\/servicios\/ginecologia-y-obstetricia\/#primaryimage\"},\"image\":{\"@id\":\"https:\/\/procrea.mx\/servicios\/ginecologia-y-obstetricia\/#primaryimage\"},\"thumbnailUrl\":\"https:\/\/procrea.mx\/wp-content\/uploads\/2023\/03\/mujer-embarazada-tulipanes-tiene-manos-vientre-embarazo-maternidad-concepto-vacaciones-dia-madre-1-scaled.jpg\",\"datePublished\":\"2021-08-30T03:27:52+00:00\",\"dateModified\":\"2025-03-25T16:59:26+00:00\",\"description\":\"La ginecolog\u00eda y obstetricia se relacionan mucho, ya que ambas se especializan en el cuidado del estado de salud de la mujer.\",\"breadcrumb\":{\"@id\":\"https:\/\/procrea.mx\/servicios\/ginecologia-y-obstetricia\/#breadcrumb\"},\"inLanguage\":\"en-GB\",\"potentialAction\":[{\"@type\":\"ReadAction\",\"target\":[\"https:\/\/procrea.mx\/servicios\/ginecologia-y-obstetricia\/\"]}]},{\"@type\":\"ImageObject\",\"inLanguage\":\"en-GB\",\"@id\":\"https:\/\/procrea.mx\/servicios\/ginecologia-y-obstetricia\/#primaryimage\",\"url\":\"https:\/\/procrea.mx\/wp-content\/uploads\/2023\/03\/mujer-embarazada-tulipanes-tiene-manos-vientre-embarazo-maternidad-concepto-vacaciones-dia-madre-1-scaled.jpg\",\"contentUrl\":\"https:\/\/procrea.mx\/wp-content\/uploads\/2023\/03\/mujer-embarazada-tulipanes-tiene-manos-vientre-embarazo-maternidad-concepto-vacaciones-dia-madre-1-scaled.jpg\",\"width\":1600,\"height\":1110,\"caption\":\"ginecolog\u00eda y obstetricia\"},{\"@type\":\"BreadcrumbList\",\"@id\":\"https:\/\/procrea.mx\/servicios\/ginecologia-y-obstetricia\/#breadcrumb\",\"itemListElement\":[{\"@type\":\"ListItem\",\"position\":1,\"name\":\"Home\",\"item\":\"https:\/\/procrea.mx\/\"},{\"@type\":\"ListItem\",\"position\":2,\"name\":\"Servicios\",\"item\":\"https:\/\/procrea.mx\/servicios\/\"},{\"@type\":\"ListItem\",\"position\":3,\"name\":\"Ginecolog\u00eda y Obstetricia\"}]},{\"@type\":\"WebSite\",\"@id\":\"https:\/\/procrea.mx\/#website\",\"url\":\"https:\/\/procrea.mx\/\",\"name\":\"Procrea\",\"description\":\"Procrea\",\"publisher\":{\"@id\":\"https:\/\/procrea.mx\/#organization\"},\"potentialAction\":[{\"@type\":\"SearchAction\",\"target\":{\"@type\":\"EntryPoint\",\"urlTemplate\":\"https:\/\/procrea.mx\/?s={search_term_string}\"},\"query-input\":{\"@type\":\"PropertyValueSpecification\",\"valueRequired\":true,\"valueName\":\"search_term_string\"}}],\"inLanguage\":\"en-GB\"},{\"@type\":\"Organization\",\"@id\":\"https:\/\/procrea.mx\/#organization\",\"name\":\"Procrea\",\"url\":\"https:\/\/procrea.mx\/\",\"logo\":{\"@type\":\"ImageObject\",\"inLanguage\":\"en-GB\",\"@id\":\"https:\/\/procrea.mx\/#\/schema\/logo\/image\/\",\"url\":\"https:\/\/procrea.mx\/wp-content\/uploads\/2023\/06\/logo-Procrea_page-0001.jpg\",\"contentUrl\":\"https:\/\/procrea.mx\/wp-content\/uploads\/2023\/06\/logo-Procrea_page-0001.jpg\",\"width\":1275,\"height\":386,\"caption\":\"Procrea\"},\"image\":{\"@id\":\"https:\/\/procrea.mx\/#\/schema\/logo\/image\/\"},\"sameAs\":[\"https:\/\/www.facebook.com\/procreamx\",\"https:\/\/www.instagram.com\/procrea_mx\/\",\"https:\/\/www.youtube.com\/@procreacentrodereproduccio3887\"]}]}<\/script>\n<!-- \/ Yoast SEO plugin. -->","yoast_head_json":{"title":"Ginecolog\u00eda y Obstetricia | Procrea","description":"La ginecolog\u00eda y obstetricia se relacionan mucho, ya que ambas se especializan en el cuidado del estado de salud de la mujer.","robots":{"index":"index","follow":"follow","max-snippet":"max-snippet:-1","max-image-preview":"max-image-preview:large","max-video-preview":"max-video-preview:-1"},"canonical":"https:\/\/procrea.mx\/en\/servicios\/ginecologia-y-obstetricia\/","og_locale":"en_GB","og_type":"article","og_title":"Ginecolog\u00eda y Obstetricia | Procrea","og_description":"La ginecolog\u00eda y obstetricia se relacionan mucho, ya que ambas se especializan en el cuidado del estado de salud de la mujer.","og_url":"https:\/\/procrea.mx\/en\/servicios\/ginecologia-y-obstetricia\/","og_site_name":"Procrea","article_publisher":"https:\/\/www.facebook.com\/procreamx","article_modified_time":"2025-03-25T16:59:26+00:00","og_image":[{"width":2560,"height":1776,"url":"https:\/\/procrea.mx\/wp-content\/uploads\/2023\/03\/mujer-embarazada-tulipanes-tiene-manos-vientre-embarazo-maternidad-concepto-vacaciones-dia-madre-1-scaled.jpg","type":"image\/jpeg"}],"twitter_card":"summary_large_image","twitter_misc":{"Estimated reading time":"1 minute"},"schema":{"@context":"https:\/\/schema.org","@graph":[{"@type":"WebPage","@id":"https:\/\/procrea.mx\/servicios\/ginecologia-y-obstetricia\/","url":"https:\/\/procrea.mx\/servicios\/ginecologia-y-obstetricia\/","name":"Ginecolog\u00eda y Obstetricia | Procrea","isPartOf":{"@id":"https:\/\/procrea.mx\/#website"},"primaryImageOfPage":{"@id":"https:\/\/procrea.mx\/servicios\/ginecologia-y-obstetricia\/#primaryimage"},"image":{"@id":"https:\/\/procrea.mx\/servicios\/ginecologia-y-obstetricia\/#primaryimage"},"thumbnailUrl":"https:\/\/procrea.mx\/wp-content\/uploads\/2023\/03\/mujer-embarazada-tulipanes-tiene-manos-vientre-embarazo-maternidad-concepto-vacaciones-dia-madre-1-scaled.jpg","datePublished":"2021-08-30T03:27:52+00:00","dateModified":"2025-03-25T16:59:26+00:00","description":"La ginecolog\u00eda y obstetricia se relacionan mucho, ya que ambas se especializan en el cuidado del estado de salud de la mujer.","breadcrumb":{"@id":"https:\/\/procrea.mx\/servicios\/ginecologia-y-obstetricia\/#breadcrumb"},"inLanguage":"en-GB","potentialAction":[{"@type":"ReadAction","target":["https:\/\/procrea.mx\/servicios\/ginecologia-y-obstetricia\/"]}]},{"@type":"ImageObject","inLanguage":"en-GB","@id":"https:\/\/procrea.mx\/servicios\/ginecologia-y-obstetricia\/#primaryimage","url":"https:\/\/procrea.mx\/wp-content\/uploads\/2023\/03\/mujer-embarazada-tulipanes-tiene-manos-vientre-embarazo-maternidad-concepto-vacaciones-dia-madre-1-scaled.jpg","contentUrl":"https:\/\/procrea.mx\/wp-content\/uploads\/2023\/03\/mujer-embarazada-tulipanes-tiene-manos-vientre-embarazo-maternidad-concepto-vacaciones-dia-madre-1-scaled.jpg","width":1600,"height":1110,"caption":"ginecolog\u00eda y obstetricia"},{"@type":"BreadcrumbList","@id":"https:\/\/procrea.mx\/servicios\/ginecologia-y-obstetricia\/#breadcrumb","itemListElement":[{"@type":"ListItem","position":1,"name":"Home","item":"https:\/\/procrea.mx\/"},{"@type":"ListItem","position":2,"name":"Servicios","item":"https:\/\/procrea.mx\/servicios\/"},{"@type":"ListItem","position":3,"name":"Ginecolog\u00eda y Obstetricia"}]},{"@type":"WebSite","@id":"https:\/\/procrea.mx\/#website","url":"https:\/\/procrea.mx\/","name":"Procrea","description":"Procrea","publisher":{"@id":"https:\/\/procrea.mx\/#organization"},"potentialAction":[{"@type":"SearchAction","target":{"@type":"EntryPoint","urlTemplate":"https:\/\/procrea.mx\/?s={search_term_string}"},"query-input":{"@type":"PropertyValueSpecification","valueRequired":true,"valueName":"search_term_string"}}],"inLanguage":"en-GB"},{"@type":"Organization","@id":"https:\/\/procrea.mx\/#organization","name":"Procrea","url":"https:\/\/procrea.mx\/","logo":{"@type":"ImageObject","inLanguage":"en-GB","@id":"https:\/\/procrea.mx\/#\/schema\/logo\/image\/","url":"https:\/\/procrea.mx\/wp-content\/uploads\/2023\/06\/logo-Procrea_page-0001.jpg","contentUrl":"https:\/\/procrea.mx\/wp-content\/uploads\/2023\/06\/logo-Procrea_page-0001.jpg","width":1275,"height":386,"caption":"Procrea"},"image":{"@id":"https:\/\/procrea.mx\/#\/schema\/logo\/image\/"},"sameAs":["https:\/\/www.facebook.com\/procreamx","https:\/\/www.instagram.com\/procrea_mx\/","https:\/\/www.youtube.com\/@procreacentrodereproduccio3887"]}]}},"_links":{"self":[{"href":"https:\/\/procrea.mx\/en\/wp-json\/wp\/v2\/pages\/2467","targetHints":{"allow":["GET"]}}],"collection":[{"href":"https:\/\/procrea.mx\/en\/wp-json\/wp\/v2\/pages"}],"about":[{"href":"https:\/\/procrea.mx\/en\/wp-json\/wp\/v2\/types\/page"}],"author":[{"embeddable":true,"href":"https:\/\/procrea.mx\/en\/wp-json\/wp\/v2\/users\/2"}],"replies":[{"embeddable":true,"href":"https:\/\/procrea.mx\/en\/wp-json\/wp\/v2\/comments?post=2467"}],"version-history":[{"count":0,"href":"https:\/\/procrea.mx\/en\/wp-json\/wp\/v2\/pages\/2467\/revisions"}],"up":[{"embeddable":true,"href":"https:\/\/procrea.mx\/en\/wp-json\/wp\/v2\/pages\/75"}],"wp:featuredmedia":[{"embeddable":true,"href":"https:\/\/procrea.mx\/en\/wp-json\/wp\/v2\/media\/3746"}],"wp:attachment":[{"href":"https:\/\/procrea.mx\/en\/wp-json\/wp\/v2\/media?parent=2467"}],"curies":[{"name":"wp","href":"https:\/\/api.w.org\/{rel}","templated":true}]}}